{"id":419,"date":"2018-03-13T13:59:25","date_gmt":"2018-03-13T12:59:25","guid":{"rendered":"http:\/\/m40.hekko24.pl\/projekty\/visitpoznan\/?page_id=419"},"modified":"2018-09-05T14:13:47","modified_gmt":"2018-09-05T12:13:47","slug":"gdzie-na-kawe","status":"publish","type":"page","link":"https:\/\/visitpoznan.info\/en\/cafes\/","title":{"rendered":"Cafes"},"content":{"rendered":"<p><section class=\"kc-elm kc-css-361682 kc_row\"><div class=\"kc-row-container  kc-container\"><div class=\"kc-wrap-columns\"><div class=\"kc-elm kc-css-618130 kc_col-sm-12 kc_column kc_col-sm-12\"><div class=\"kc-col-container\"><div class=\"kc-elm kc-css-547355 kc_text_block mytextstyle\"><\/p>\n<div>\n<p style=\"text-align: justify;\">Poni\u017cej przedstawiamy list\u0119 sprawdzonych kawiarni zlokalizowanych <strong>w centrum Poznania<\/strong>. Wszystkie polecane przez nas miejsca wyr\u00f3\u017cnia nie tylko <strong>wysoka jako\u015b\u0107 us\u0142ug<\/strong>, ale tak\u017ce szczeg\u00f3lny, <strong>charakterystyczny dla danego miejsca wystr\u00f3j i\u00a0klimat<\/strong>. Proponowane przez nas kawiarnie oferuj\u0105 zar\u00f3wno<strong> klasyczne jak i\u00a0alternatywne metody parzenia kawy<\/strong>, ziarna pochodz\u0105ce ze znanych i\u00a0cenionych palarni, jak r\u00f3wnie\u017c te b\u0119d\u0105ce najnowszymi odkryciami lokalnych barist\u00f3w. Kawie i\u00a0herbacie niejednokrotnie towarzysz\u0105 <strong>\u015bwie\u017ce wypieki<\/strong> oraz<strong>najs\u0142odszy symbol Poznania \u2013 rogal \u015bwi\u0119tomarci\u0144ski<\/strong>.<\/p>\n<\/div>\n<p style=\"text-align: justify;\"><a href=\"http:\/\/www.republikaroz.pl\/\" target=\"_blank\" rel=\"noopener\"><img decoding=\"async\" class=\"alignleft\" src=\"http:\/\/visitpoznan.info\/images\/gdzie_pic\/republikaroz.jpg\" alt=\"Republika R\u00f3\u017c\"><\/a><strong>Republika R\u00f3\u017c<\/strong><br \/>\nKawiarnia, salon \u015bniadaniowy i\u00a0restauracja &#8211; miejsce w\u00a0centrum Poznania, gdzie mo\u017cna dobrze zje\u015b\u0107, sp\u0119dzi\u0107 leniwie czas, poczyta\u0107 gazety, poobserwowa\u0107 \u017cycie miasta. Bardzo lubimy gotowa\u0107 i\u00a0piec ciasta, dlatego wszystko, co przygotowujemy jest \u015bwie\u017ce, smaczne i\u00a0obfite. Staramy si\u0119 korzysta\u0107 z\u00a0produkt\u00f3w sezonowych i\u00a0regionalnych. Sami przygotowujemy przetwory: nalewki owocowe, konfitur\u0119 cytrynow\u0105, d\u017cemy podawane do\u00a0\u015bniada\u0144 i\u00a0tapenad\u0119 z\u00a0oliwek. Dla os\u00f3b lubi\u0105cych sp\u0119dza\u0107 czas na\u00a0\u015bwie\u017cym powietrzu oferujemy kosze piknikowe z\u00a0zestawami lunchowymi. W\u00a0okresie letnim zapraszamy do\u00a0naszego ogr\u00f3dka.<br \/>\n<em>Plac Kolegiacki 2<br \/>\ntel.: 61 852 20 31<\/em><br \/>\n<a href=\"http:\/\/www.republikaroz.pl\/\">http:\/\/www.republikaroz.pl\/<\/a><\/p>\n<p style=\"text-align: justify;\"><a href=\"http:\/\/republikaroz.pl\/cacao-republika\" target=\"_blank\" rel=\"noopener\"><img loading=\"lazy\" decoding=\"async\" class=\"alignleft\" src=\"http:\/\/visitpoznan.info\/images\/gdzie_pic\/cacao_republika.png\" alt=\"cacao republika\" width=\"200\" height=\"123\"><\/a><strong>Cacao Republika<\/strong><br \/>\nCacao Republika to kawiarnia serwuj\u0105ca ogromny wyb\u00f3r gor\u0105cej czekolady. Ten prawdziwy RAJ dla \u0142asuch\u00f3w, gdzie pr\u00f3cz czekolady podawanej na\u00a020 smakowitych sposob\u00f3w, w\u00a0karcie kr\u00f3luj\u0105 s\u0142odko\u015bci: \u015bwie\u017ce domowe ciasta, fantastyczne desery lodowe i\u00a0owocowe oraz\u00a0wielki wyb\u00f3r koktajli. Lokal to malutki i\u00a0przytulny, doskona\u0142y na\u00a0randk\u0119. Dlatego te\u017c ogromn\u0105 popularno\u015bci\u0105 cieszy si\u0119 orientalna antresola pe\u0142na mi\u0119kkich kanap, puf i\u00a0poduszek. Warto tu zajrze\u0107 z\u00a0przyjaci\u00f3\u0142mi lub rodzin\u0105 i\u00a0nacieszy\u0107 si\u0119 s\u0142odkim lenistwem.<br \/>\n<em>ul. Zamkowa 7<\/em><br \/>\n<em>Tel: 61 855 43 78<\/em><br \/>\n<a href=\"http:\/\/republikaroz.pl\/cacao-republika\" target=\"_blank\" rel=\"noopener\"><em>http:\/\/republikaroz.pl\/cacao-republika<\/em><\/a><\/p>\n<p style=\"text-align: justify;\"><a href=\"http:\/\/www.kamea.net.pl\/\" target=\"_blank\" rel=\"noopener\"><img decoding=\"async\" class=\"alignleft\" src=\"http:\/\/visitpoznan.info\/images\/gdzie_pic\/kamea.jpg\" alt=\"kamea\"><\/a><strong>Kawiarnia Galeria Kamea<\/strong><br \/>\nKawiarnia Galeria Kamea to miejsce doskonale znane mieszka\u0144com Poznania i\u00a0go\u015bciom z\u00a0innych miast. Znakomite desery, \u015bwietna kawa, niepowtarzalna atmosfera &#8211; to wszystko tworzy magi\u0119 Kamei.<\/p>\n<p style=\"text-align: justify;\"><em>ul. Wroniecka 22<\/em><br \/>\n<em>Tel: 61 851 72 11<\/em><br \/>\n<em><a href=\"http:\/\/www.kamea.net.pl\/\" target=\"_blank\" rel=\"noopener\">http:\/\/www.kamea.net.pl\/<\/a><\/em><\/p>\n<p style=\"text-align: justify;\"><a href=\"http:\/\/www.cafebordo.com\" target=\"_blank\" rel=\"noopener\"><img loading=\"lazy\" decoding=\"async\" class=\"alignleft\" src=\"http:\/\/visitpoznan.info\/images\/gdzie_pic\/bordo.png\" alt=\"bordo\" width=\"200\" height=\"75\"><\/a><strong>Cafe Bordo<\/strong><br \/>\nRestauracja i\u00a0kawiarnia z\u00a0magicznym ogrodem. Jako cz\u0142onek &#8220;Culinary Heritage\", oferuje specja\u0142y kuchni regionalnej zgodnie z\u00a0filozofi\u0105 slowfood, m.in.: pier\u015b z\u00a0kaczki, g\u0119sin\u0119 z\u00a0kasz\u0105, pol\u0119dwiczki z\u00a0kurkami. Nie przeszkadza to jednak proponowa\u0107 np. zwyci\u0119skiego, r\u0119cznie wyrabianego maltagliatti z\u00a0zio\u0142ami i\u00a0krewetkami (Najlepsze Danie W\u0142oskie w\u00a0czasie Festiwalu Smak\u00f3w W\u0142oskich, Pozna\u0144 2010).<br \/>\n<em>ul. \u017bydowska 28<\/em><br \/>\n<em>Tel: 61 851 00 81<br \/>\n<a href=\"http:\/\/www.cafebordo.com\" target=\"_blank\" rel=\"noopener\">http:\/\/www.cafebordo.com<\/a><\/em><\/p>\n<p style=\"text-align: justify;\"><a href=\"http:\/\/www.cafegolebnik.pl\" target=\"_blank\" rel=\"noopener\"><img loading=\"lazy\" decoding=\"async\" class=\"alignleft\" src=\"http:\/\/visitpoznan.info\/images\/gdzie_pic\/golebnik.png\" alt=\"golebnik\" width=\"223\" height=\"93\"><\/a><\/p>\n<div>\n<div style=\"text-align: justify;\"><em><strong>Kawiarnia Go\u0142\u0119bnik<\/strong><br \/>\nPrzytulnie magiczne miejsce, w\u00a0kt\u00f3rym od kilkunastu lat Go\u0142\u0119bice rozpieszczaj\u0105 podniebienia swoich Go\u015bci:) To kawiarnia przy Starym Rynku, gdzie &#8220;zlatuj\u0105\" wci\u0105\u017c nowe osoby \u2013 tonizuje napi\u0119cia i\u00a0stresy dnia, uwodz\u0105c zmys\u0142y:) Go\u0142\u0119bnik to idealne miejsce, by przycupn\u0105\u0107 cho\u0107by na\u00a0chwilk\u0119 &#8230;s\u0142odk\u0105 chwilk\u0119 wytchnienia. W\u00a0ofercie \u015bniadania i\u00a0obiady, desery oraz\u00a0pyszna kawa.<br \/>\nul. Wielka 21<br \/>\nTel: 61 853 42 30<br \/>\n<a href=\"http:\/\/www.cafegolebnik.pl\" target=\"_blank\" rel=\"noopener\">http:\/\/www.cafegolebnik.pl<\/a><\/em><\/div>\n<\/div>\n<p>\n<\/div><\/div><\/div><\/div><\/div><\/section><\/p>","protected":false},"excerpt":{"rendered":"","protected":false},"author":1,"featured_media":0,"parent":0,"menu_order":0,"comment_status":"closed","ping_status":"closed","template":"page-templates\/mainetemplate.php","meta":{"ngg_post_thumbnail":0,"footnotes":""},"class_list":["post-419","page","type-page","status-publish","hentry"],"_links":{"self":[{"href":"https:\/\/visitpoznan.info\/en\/wp-json\/wp\/v2\/pages\/419","targetHints":{"allow":["GET"]}}],"collection":[{"href":"https:\/\/visitpoznan.info\/en\/wp-json\/wp\/v2\/pages"}],"about":[{"href":"https:\/\/visitpoznan.info\/en\/wp-json\/wp\/v2\/types\/page"}],"author":[{"embeddable":true,"href":"https:\/\/visitpoznan.info\/en\/wp-json\/wp\/v2\/users\/1"}],"replies":[{"embeddable":true,"href":"https:\/\/visitpoznan.info\/en\/wp-json\/wp\/v2\/comments?post=419"}],"version-history":[{"count":11,"href":"https:\/\/visitpoznan.info\/en\/wp-json\/wp\/v2\/pages\/419\/revisions"}],"predecessor-version":[{"id":1889,"href":"https:\/\/visitpoznan.info\/en\/wp-json\/wp\/v2\/pages\/419\/revisions\/1889"}],"wp:attachment":[{"href":"https:\/\/visitpoznan.info\/en\/wp-json\/wp\/v2\/media?parent=419"}],"curies":[{"name":"wp","href":"https:\/\/api.w.org\/{rel}","templated":true}]}}