{"id":399,"date":"2018-03-13T13:51:06","date_gmt":"2018-03-13T12:51:06","guid":{"rendered":"http:\/\/m40.hekko24.pl\/projekty\/visitpoznan\/?page_id=399"},"modified":"2021-05-30T10:51:54","modified_gmt":"2021-05-30T08:51:54","slug":"stare-miasto","status":"publish","type":"page","link":"https:\/\/visitpoznan.info\/en\/poznan\/poznan-attractions\/old-city\/","title":{"rendered":"Stare Miasto"},"content":{"rendered":"<p><section class=\"kc-elm kc-css-666558 kc_row\"><div class=\"kc-row-container  kc-container\"><div class=\"kc-wrap-columns\"><div class=\"kc-elm kc-css-888768 kc_col-sm-12 kc_column kc_col-sm-12\"><div class=\"kc-col-container\"><div class=\"kc-elm kc-css-806999 kc_text_block mytextstyle\"><\/p>\n<p>\nStare Miasto, wbrew swojej nazwie, nie jest najstarsz\u0105 cz\u0119\u015bci\u0105 Poznania. To cz\u0119\u015b\u0107 miasta lokacyjnego, budowanego od po\u0142owy XIII wieku, z zachowanym \u015bredniowiecznym planem urbanistycznym. Kamienice przebudowywano i odbudowywano po II wojnie \u015bwiatowej g\u0142\u00f3wnie w stylach renesansowym i barokowym. Niekwestionowan\u0105 per\u0142\u0105 Starego Miasta jest Ratusz w swej XVI-wiecznej szacie, ze s\u0142ynn\u0105 wschodni\u0105 loggi\u0105 i niesamowit\u0105 sal\u0105 renesansow\u0105. Jednak tym, co przyci\u0105ga najwi\u0119cej go\u015bci przed fasad\u0119 Ratusza, s\u0105 kozio\u0142ki, bod\u0105ce si\u0119 na wie\u017cy codziennie w samo po\u0142udnie przy d\u017awi\u0119kach miejskiego hejna\u0142u. Dzi\u015b ratusz nie s\u0142u\u017cy ju\u017c radzie miasta, w jego wn\u0119trzach posadowi\u0142o si\u0119 Muzeum Historii Miasta Poznania. Przed ratuszem ustawiono ju\u017c w \u015bredniowieczu dawny s\u0142up ha\u0144by, czyli pr\u0119gierz zwie\u0144czony figur\u0105 kata, kt\u00f3ry od dawna nie s\u0142u\u017cy do wykonywania kar. Dzi\u015b jest jednym z najpopularniejszych miejsc spotka\u0144 prawdziwych poznaniak\u00f3w. Na Rynku znajdziemy tak\u017ce Wag\u0119 Miejsk\u0105, s\u0142u\u017c\u0105c\u0105 niegdy\u015b jako urz\u0105d miar, studzienk\u0119 Bamberki upami\u0119tniaj\u0105c\u0105 osadnik\u00f3w z po\u0142udnia Niemiec czy niezwykle charakterystyczne domki budnicze, w miejscu kt\u00f3rych pierwotnie znajdowa\u0142 si\u0119 targ rybny, a dzi\u015b jest to podstawowe miejsce sprzeda\u017cy pami\u0105tek miejskich.<\/p>\n<p>W okalaj\u0105cych rynek kamieniczkach niegdy\u015b mieszkali bogaci kupcy, ale opr\u00f3cz mieszcza\u0144skich kamienic, znajdziemy tak\u017ce reprezentacyjne pa\u0142ace mo\u017cnych \u2013 jak wspania\u0142y pa\u0142ac Dzia\u0142y\u0144skich, kt\u00f3ry obecnie s\u0142u\u017cy Polskiej Akademii Nauk czy pa\u0142ac G\u00f3rk\u00f3w b\u0119d\u0105cy siedzib\u0105 Muzeum Archeologicznego z wystaw\u0105 pocz\u0105tk\u00f3w pa\u0144stwowo\u015bci oraz kolekcj\u0105 staro\u017cytnego Egiptu, kt\u00f3rej chlub\u0105 s\u0105 najprawdziwsze mumie i obelisk faraona Ramesa II. Warto zwr\u00f3ci\u0107 r\u00f3wnie\u017c uwag\u0119 na znajduj\u0105ce si\u0119 w kamieniczkach muzea \u2013 Instrument\u00f3w Muzycznych, gdzie w\u015br\u00f3d ponad 2,5 tys. eksponat\u00f3w obejrzymy zar\u00f3wno prymitywne piszcza\u0142ki, pianole, bogat\u0105 kolekcj\u0119 skrzypiec, jak r\u00f3wnie\u017c katarynki, pozytywki oraz statuetk\u0119 Oscara Jana A.P. Kaczmarka; Muzeum Literackie Henryka Sienkiewicza z poka\u017an\u0105 kolekcj\u0105 po\u015bwi\u0119con\u0105 \u017cyciu i tw\u00f3rczo\u015bci pisarza oraz bij\u0105ce rekordy popularno\u015bci Rogalowe Muzeum Poznania, w kt\u00f3rym na w\u0142asne oczy mo\u017cna zobaczy\u0107 jak przyrz\u0105dza si\u0119 pozna\u0144ski przysmak. W \u015br\u00f3drynkowej zabudowie znajduj\u0105 si\u0119 kolejne muzea \u2013 Wielkopolskie Muzeum Wojskowe z bogat\u0105 kolekcj\u0105 broni, mundur\u00f3w i odznacze\u0144, Muzeum Powstania Wielkopolskiego przedstawiaj\u0105ce zwyci\u0119sk\u0105 drog\u0119 do niepodleg\u0142o\u015bci naszego regionu oraz Galeri\u0119 Miejsk\u0105 Arsena\u0142 prezentuj\u0105c\u0105 sztuk\u0119 wsp\u00f3\u0142czesn\u0105 w systemie wystaw czasowych. W ramach tej ostatniej dzia\u0142a tak\u017ce Fotoplastykon, w kt\u00f3rym mo\u017cna zobaczy\u0107 zdj\u0119cia Poznania sprzed lat.<\/p>\n<p>Ponad Rynkiem, na szczycie Wzg\u00f3rza Przemys\u0142a wznosz\u0105 si\u0119 mury odbudowanego w ostatnich latach Zamku Kr\u00f3lewskiego. Z jego wie\u017cy mo\u017cna podziwia\u0107 widoki miasta, a we wn\u0119trzach kolekcj\u0119 Muzeum Sztuk U\u017cytkowych z jajem, kt\u00f3re przez lata by\u0142o przypisywane s\u0142ynnemu warsztatowi Faberge oraz serwisem \u0142ab\u0119dzim Augusta III Mocnego. Naprzeciw zamku znajduje si\u0119 klasztor i ko\u015bci\u00f3\u0142 Franciszkan\u00f3w s\u0142yn\u0105cy z przepi\u0119knej snycerki oraz cudownego obrazu Matki Boskiej, w cudy wielmo\u017cnej Pani Poznania. Z kolei w klasztornych podziemiach niema\u0142a gratka dla mi\u0142o\u015bnik\u00f3w makiet \u2013 dwie misternie wykonane makiety przedstawiaj\u0105ce gr\u00f3d z X wieku oraz XVI-wieczny Pozna\u0144.<\/p>\n<p>Udaj\u0105c si\u0119 w kierunku po\u0142udniowym od p\u0142yty Rynku na ko\u0144cu ulicy \u015awi\u0119tos\u0142awskiej znajduje si\u0119 bodaj najpi\u0119kniejszy barokowy ko\u015bci\u00f3\u0142 w Polsce \u2013 pozna\u0144ska fara znana nie tylko z zapieraj\u0105cego dech w piersiach bogactwa dekoracji, ale tak\u017ce s\u0142ynnych organ\u00f3w mistrza Ladegasta. Latem mo\u017cna pos\u0142ucha\u0107 ich codziennie w trakcie darmowych koncert\u00f3w (od wrze\u015bnia do czerwca tylko w soboty). Ko\u015bci\u00f3\u0142 zosta\u0142 wybudowany w XVII w. dla jezuit\u00f3w, kt\u00f3rzy opr\u00f3cz wspania\u0142ej \u015bwi\u0105tyni wznie\u015bli tak\u017ce kompleks budynk\u00f3w o charakterze mieszkalno-edukacyjno-u\u017cytkowym. Znakomita ich wi\u0119kszo\u015b\u0107 s\u0142u\u017cy dzi\u015b jako Urz\u0105d Miasta, a w dawnej szkole jezuickiej swoj\u0105 siedzib\u0119 nadal ma szko\u0142a \u2013 baletowa.<\/p>\n<p>Po przeciwleg\u0142ej stronie Rynku ju\u017c od \u015bredniowiecza osiedlali si\u0119 \u017bydzi. Ich dzielnic\u0119, cho\u0107 niedu\u017c\u0105 powierzchniowo, liczebnie zamieszkiwa\u0142o do 25% populacji miejskiej. Kwarta\u0142 ten ograniczony by\u0142 ulicami: Szewsk\u0105, Stawn\u0105 i Wronieck\u0105, za\u015b centrum wyznacza\u0142o skrzy\u017cowanie ulic \u017bydowskiej z Dominika\u0144sk\u0105, przy kt\u00f3rym znajdowa\u0142y si\u0119 najstarsze synagogi, biblioteka czy Dom Starc\u00f3w. Dzi\u015b z dawnego bogactwa nie zosta\u0142o wiele \u2013 z licznych synagog przetrwa\u0142a tylko najm\u0142odsza, przerobiona w trakcie II Wojny \u015awiatowej przez okupanta na basen. Niegdysiejsze urz\u0119dy zosta\u0142y przebudowane na mieszkania, a na parterach kamieniczek posadowi\u0142y si\u0119 liczne kawiarnie i puby. Tylko Dom Gminy znowu pe\u0142ni dawn\u0105 funkcj\u0119.<\/p>\n<p>\n<\/div><\/div><\/div><\/div><\/div><\/section><section class=\"kc-elm kc-css-691109 kc_row\"><div class=\"kc-row-container  kc-container\"><div class=\"kc-wrap-columns\"><div class=\"kc-elm kc-css-263660 kc_col-sm-12 kc_column kc_col-sm-12\"><div class=\"kc-col-container\"><div class=\"kc-elm kc-css-620347\" style=\"height: 20px; clear: both; width:100%;\"><\/div><div class=\"kc-elm kc-css-79010 kc_text_block mytextstyle\"><\/p>\n<p style=\"text-align: justify;\">Wa\u017cniejsze adresy:<\/p>\n<p style=\"text-align: justify; padding-left: 30px;\">Muzeum Historii Miasta Poznania (Ratusz), Stary Rynek 1, tel.: 61 85 68 193<br \/><a href=\"http:\/\/www.mnp.art.pl\/oddzialy\/muzeum-historii-miasta-poznania\/\">http:\/\/www.mnp.art.pl\/oddzialy\/muzeum-historii-miasta-poznania\/<\/a><\/p>\n<p style=\"text-align: justify; padding-left: 30px;\">Rogalowe Muzeum Poznania, Stary Rynek 41\/2 (wej\u015bcie od ul. Klasztornej 23),<br \/>tel.: 690 077 800<br \/><a href=\"http:\/\/rogalowemuzeum.pl\/\">http:\/\/rogalowemuzeum.pl\/<\/a><\/p>\n<p style=\"text-align: justify; padding-left: 30px;\">Muzeum Instrument\u00f3w Muzycznych, Stary Rynek 45, tel.: 61 85 68 178<br \/><a href=\"http:\/\/www.mnp.art.pl\/oddzialy\/muzeum-instrumentow-muzycznych\/\">http:\/\/www.mnp.art.pl\/oddzialy\/muzeum-instrumentow-muzycznych\/<\/a><\/p>\n<p style=\"text-align: justify; padding-left: 30px;\">Muzeum Powstania Wielkopolskiego, Stary Rynek 3, tel.: 61 8517 28<br \/><a href=\"http:\/\/www.wmn.poznan.pl\">http:\/\/www.wmn.poznan.pl<\/a><\/p>\n<p style=\"text-align: justify; padding-left: 30px;\">Galeria Miejska Arsena\u0142 (oraz Fotoplastykon), Stary Rynek 6, tel.: 61 852 95 02<br \/><a href=\"http:\/\/www.arsenal.art.pl\/\">http:\/\/www.arsenal.art.pl\/<\/a><\/p>\n<p style=\"text-align: justify; padding-left: 30px;\">Muzeum Literackie Henryka Sienkiewicza, Stary Rynek 84, tel.: 61 852 89 71<br \/><a href=\"http:\/\/www.bracz.edu.pl\/index.php?option=com_content&#038;task=view&#038;id=268&#038;Itemid=45\">http:\/\/www.bracz.edu.pl\/index.php?option=com_content&#038;task=view&#038;id=268&#038;Itemid=45<\/a><\/p>\n<p style=\"text-align: justify; padding-left: 30px;\">Wielkopolskie Muzeum Wojskowe, Stary Rynek 9, tel.: 61 85 26 739<br \/><a href=\"http:\/\/www.mnp.art.pl\/oddzialy\/wielkopolskie-muzeum-wojskowe\/\">http:\/\/www.mnp.art.pl\/oddzialy\/wielkopolskie-muzeum-wojskowe\/<\/a><\/p>\n<p style=\"text-align: justify; padding-left: 30px;\">Muzeum Sztuk U\u017cytkowych (Zamek Kr\u00f3lewski), G\u00f3ra Przemys\u0142a 1, tel.: 61 85 68 182<br \/><a href=\"http:\/\/www.mnp.art.pl\/oddzialy\/muzeum-sztuk-uzytkowych\/\">http:\/\/www.mnp.art.pl\/oddzialy\/muzeum-sztuk-uzytkowych\/<\/a><\/p>\n<p style=\"text-align: justify; padding-left: 30px;\">Muzeum Archeologiczne, ul. Wodna 27, 61-781 Pozna\u0144, tel. 61 852 82 51<br \/><a href=\"http:\/\/www.muzarp.poznan.pl\">http:\/\/www.muzarp.poznan.pl<\/a><\/p>\n<p style=\"text-align: justify; padding-left: 30px;\">Fara Pozna\u0144ska, ul. Klasztorna 11, tel.: 61 852 69 50<br \/><a href=\"http:\/\/www.fara.archpoznan.pl\/\">http:\/\/www.fara.archpoznan.pl\/<\/a><\/p>\n<p>\n<\/div><\/div><\/div><\/div><\/div><\/section><\/p>\n","protected":false},"excerpt":{"rendered":"","protected":false},"author":1,"featured_media":0,"parent":242,"menu_order":0,"comment_status":"closed","ping_status":"closed","template":"page-templates\/mainetemplate.php","meta":{"ngg_post_thumbnail":0,"footnotes":""},"class_list":["post-399","page","type-page","status-publish","hentry"],"_links":{"self":[{"href":"https:\/\/visitpoznan.info\/en\/wp-json\/wp\/v2\/pages\/399","targetHints":{"allow":["GET"]}}],"collection":[{"href":"https:\/\/visitpoznan.info\/en\/wp-json\/wp\/v2\/pages"}],"about":[{"href":"https:\/\/visitpoznan.info\/en\/wp-json\/wp\/v2\/types\/page"}],"author":[{"embeddable":true,"href":"https:\/\/visitpoznan.info\/en\/wp-json\/wp\/v2\/users\/1"}],"replies":[{"embeddable":true,"href":"https:\/\/visitpoznan.info\/en\/wp-json\/wp\/v2\/comments?post=399"}],"version-history":[{"count":7,"href":"https:\/\/visitpoznan.info\/en\/wp-json\/wp\/v2\/pages\/399\/revisions"}],"predecessor-version":[{"id":2209,"href":"https:\/\/visitpoznan.info\/en\/wp-json\/wp\/v2\/pages\/399\/revisions\/2209"}],"up":[{"embeddable":true,"href":"https:\/\/visitpoznan.info\/en\/wp-json\/wp\/v2\/pages\/242"}],"wp:attachment":[{"href":"https:\/\/visitpoznan.info\/en\/wp-json\/wp\/v2\/media?parent=399"}],"curies":[{"name":"wp","href":"https:\/\/api.w.org\/{rel}","templated":true}]}}