{"id":387,"date":"2018-03-13T13:31:32","date_gmt":"2018-03-13T12:31:32","guid":{"rendered":"http:\/\/m40.hekko24.pl\/projekty\/visitpoznan\/?page_id=387"},"modified":"2018-07-04T11:23:54","modified_gmt":"2018-07-04T09:23:54","slug":"poznan-tematyczny","status":"publish","type":"page","link":"https:\/\/visitpoznan.info\/en\/offer\/tours-walks\/thematic-poznan\/","title":{"rendered":"THEMATIC POZNA\u0143"},"content":{"rendered":"<p><section class=\"kc-elm kc-css-627182 kc_row\"><div class=\"kc-row-container  kc-container\"><div class=\"kc-wrap-columns\"><div class=\"kc-elm kc-css-156552 kc_col-sm-12 kc_column kc_col-sm-12\"><div class=\"kc-col-container\"><div class=\"kc-elm kc-css-345985 kc_text_block mytextstyle\"><\/p>\n<p>These tours are recommended to people who want to get deeper knowledge of Poznan traditions. For school trips every single route can be supplemented with a quiz including awards.<br \/>\nWe can design different customized thematic routes, topics can include: theatrical or musical traditions, famous citizens of Poznan, educational traditions etc.<br \/>\nEstimated time of route preparation is around 2 weeks.<\/p>\n<p><strong>Pozna\u0144 legends (approx. 2\u20132.5h)<\/strong><br \/>\n\u2022 Przemysl Hill: how the Devil bore the hill, about the ghost of Princess Ludgarda<br \/>\n\u2022 Old Market: the famous goats, the trumpet call, \u2018hejnal\u2019, from the City Hall tower and Saint Martin&#039;s croissants<br \/>\n\u2022 Post-Jesuit Collegiate Parish Church: the Jesuits and cattle hides, the Black Lady of the Parish Church<\/p>\n<p><strong>The traces of the beginning of the Polish state (approx. 2-2,5h)<\/strong><br \/>\n\u2022 Ostr\u00f3w Tumski with a tour of the Cathedral: relics of the graves of the First Piasts, the Golden Chapel, the sword of St Peter, the Royal Chapel<br \/>\n\u2022 Psalter<br \/>\n\u2022 Bishop Jordan&#039;s Bridge<br \/>\n\u2022 Genius Loci \u2013 archaeological reserve showing the remains of the defensive walls from the time of Mieszko I*<\/p>\n<p>*prices do\u00a0not include entry tickets; excursion without entrance to Genius Loci is completed in 2h.<\/p>\n<p><strong>Architectural style route of chosen style (approx. 2h)<\/strong><br \/>\n\u2022 Gothic style \u2013 Ostr\u00f3w Tumski: Church of the Virgin Mary, Cathedral; or near the Old Market: Jesuit church, the town walls, Katarzynki &#8211; rail and tram festival, chosen tenements \u2013 through the Market and in the streets, Parish presbytery<br \/>\n\u2022 Renaissance style: City Hall, City Weighing Scale, chosen tenements by the market and in the streets, the G\u00f3rka Palace<br \/>\n\u2022 Baroque style: Franciscan church, the Parish Church and post-Jesuit complex, the statue of Saint John Nepomucene, chosen tenements by the market and on the streets.<br \/>\n\u2022 Pozna\u0144 Art Nouveau (approx. 2.5-3h): ul. Roosvelta, ul. Mickiewicza, ul. S\u0142owackiego,<br \/>\nul. Matejki to Plac Wyspia\u0144skiego, Park Wilsona (possibly to Palmiarnia)<\/p>\n<p>Possible additional costs: ticket to Palmiarnia (5.5 PLN \/person)<\/p>\n<p><strong>Footsteps of the Bambergers (approx. 3h)<\/strong><br \/>\n\u2022 Bamber Museum<br \/>\n\u2022 Bamber Monument<br \/>\n\u2022 Bamber buildings and farmsteads<br \/>\n\u2022 Opportunity of completing the expedition in a\u00a0Bamberg-themed restaurant<\/p>\n<p>Additional costs: in the Museum it is custom to offer a\u00a0modest donation payment to the box; as the majority of the Bamberg buildings are along D\u0105browskiego Street, we suggest buying a\u00a0MPK 2&#215;10 minutes ticket.<\/p>\n<p>\n<\/div><\/div><\/div><\/div><\/div><\/section><section id=\"img3\" class=\"kc-elm kc-css-394322 kc_row\"><div class=\"kc-row-container  kc-container\"><div class=\"kc-wrap-columns\"><div class=\"kc-elm kc-css-630053 kc_col-sm-4 kc_column kc_col-sm-4\"><div class=\"kc-col-container\"><div class=\"kc-elm kc-css-185031 kc_shortcode kc_single_image\">\n\n        <img decoding=\"async\" src=\"https:\/\/visitpoznan.info\/wp-content\/uploads\/2018\/04\/IMG_7902.jpg\" class=\"\" alt=\"\" \/>    \t    <p class=\"scapt\">Poznan<\/p>\n\t    <\/div>\n<\/div><\/div><div class=\"kc-elm kc-css-329168 kc_col-sm-4 kc_column kc_col-sm-4\"><div class=\"kc-col-container\"><div class=\"kc-elm kc-css-120280 kc_shortcode kc_single_image\">\n\n        <img decoding=\"async\" src=\"https:\/\/visitpoznan.info\/wp-content\/uploads\/2018\/04\/IMG_7902.jpg\" class=\"\" alt=\"\" \/>    \t    <p class=\"scapt\">Poznan<\/p>\n\t    <\/div>\n<\/div><\/div><div class=\"kc-elm kc-css-281009 kc_col-sm-4 kc_column kc_col-sm-4\"><div class=\"kc-col-container\"><div class=\"kc-elm kc-css-848286 kc_shortcode kc_single_image\">\n\n        <img decoding=\"async\" src=\"https:\/\/visitpoznan.info\/wp-content\/uploads\/2018\/04\/IMG_7902.jpg\" class=\"\" alt=\"\" \/>    \t    <p class=\"scapt\">Poznan<\/p>\n\t    <\/div>\n<\/div><\/div><\/div><\/div><\/section><section class=\"kc-elm kc-css-657371 kc_row\"><div class=\"kc-row-container  kc-container\"><div class=\"kc-wrap-columns\"><div class=\"kc-elm kc-css-778420 kc_col-sm-12 kc_column kc_col-sm-12\"><div class=\"kc-col-container\"><div class=\"kc-elm kc-css-806873 kc_text_block mytextstyle\"><\/p>\n<p><strong>Pozna\u0144 during the partitions (approx. 2-2.5h)<\/strong><br \/>\n\u2022 Dzia\u0142y\u0144ski Palace<br \/>\n\u2022 Hipolit Cegielski Monument<br \/>\n\u2022 Marcinkowski Avenue<br \/>\n\u2022 Bazar<br \/>\n\u2022 Raczy\u0144ski Library<br \/>\n\u2022 Freedom Square<br \/>\n\u2022 St Martin&#039;s Church<br \/>\n\u2022 Ratajczak Street<br \/>\n\u2022 The Polish Theatre<br \/>\n\u2022 Cyryl Ratajski Square and PTPN<br \/>\n\u2022 Former Imperial Quarter<\/p>\n<p><strong>Pozna\u0144 Jews (approx. 2h)<\/strong><br \/>\n\u2022 Former New Synagogue<br \/>\n\u2022 Former Jewish Quarter<br \/>\n\u2022 Church of the Most Sacred Blood of Lord Jesus<br \/>\n\u2022 The Krontala Fountain and Golema Monument<br \/>\n\u2022 Former Jewish Cemetery (ul. G\u0142ogowska)<\/p>\n<p><strong>Wielkopolska Uprising (approx. 3 h)<\/strong><br \/>\n\u2022 Bazar and Freedom Square (Plac Wolno\u015bci)<br \/>\n\u2022 Ratajczaka Street<br \/>\n\u2022 Monument to the Wielkopolska Insurgents<br \/>\n\u2022 \u015aw. Marcin and Fredry Streets<br \/>\n\u2022 Cemetery of Distinguished Wielkopolska Residents<\/p>\n<p><strong>The Pozna\u0144 June 1956 Track (approx. 3-3.5h)<\/strong><br \/>\n\u2022 HCP Factories<br \/>\n\u2022 Mickiewicz Square<br \/>\n\u2022 Pozna\u0144 June 56\u2019 Museum<br \/>\n\u2022 Je\u017cyce Quarter: Kochanowskiego and Strza\u0142kowskiego streets, ZUS by D\u0105browskiego street<br \/>\n\u2022 Cytadela \u2013 burial place of some of the protest victims<\/p>\n<p>Additional costs: ticket to the museum (4 PLN), 2 city bus\/tram tickets (40 minutes)<\/p>\n<p><strong>Memorial sites of World War II (approx. 4 h)<\/strong><br \/>\n\u2022 Old riverbed of the River Warta and the greatest diversion operation during World War II<br \/>\n\u2022 Cytadela and its cemeteries<br \/>\n\u2022 Saint Wojciech&#039;s Hill<br \/>\n\u2022 Miel\u017cy\u0144skiego street<br \/>\n\u2022 Imperial Palace and Collegium Maius<br \/>\n\u2022 Fort VII (first concentration camp on Polish soil)<\/p>\n<p>* the route may be extended with a\u00a0visit to \u017babikowo<\/p>\n<p>\n<\/div><\/div><\/div><\/div><\/div><\/section><section id=\"img3\" class=\"kc-elm kc-css-598966 kc_row\"><div class=\"kc-row-container  kc-container\"><div class=\"kc-wrap-columns\"><div class=\"kc-elm kc-css-8462 kc_col-sm-4 kc_column kc_col-sm-4\"><div class=\"kc-col-container\"><div class=\"kc-elm kc-css-816005 kc_shortcode kc_single_image\">\n\n        <img decoding=\"async\" src=\"https:\/\/visitpoznan.info\/wp-content\/uploads\/2018\/04\/IMG_7902.jpg\" class=\"\" alt=\"\" \/>    \t    <p class=\"scapt\">Poznan<\/p>\n\t    <\/div>\n<\/div><\/div><div class=\"kc-elm kc-css-239887 kc_col-sm-4 kc_column kc_col-sm-4\"><div class=\"kc-col-container\"><div class=\"kc-elm kc-css-619933 kc_shortcode kc_single_image\">\n\n        <img decoding=\"async\" src=\"https:\/\/visitpoznan.info\/wp-content\/uploads\/2018\/04\/IMG_7902.jpg\" class=\"\" alt=\"\" \/>    \t    <p class=\"scapt\">Poznan<\/p>\n\t    <\/div>\n<\/div><\/div><div class=\"kc-elm kc-css-743122 kc_col-sm-4 kc_column kc_col-sm-4\"><div class=\"kc-col-container\"><div class=\"kc-elm kc-css-60368 kc_shortcode kc_single_image\">\n\n        <img decoding=\"async\" src=\"https:\/\/visitpoznan.info\/wp-content\/uploads\/2018\/04\/IMG_7902.jpg\" class=\"\" alt=\"\" \/>    \t    <p class=\"scapt\">Poznan<\/p>\n\t    <\/div>\n<\/div><\/div><\/div><\/div><\/section><\/p>","protected":false},"excerpt":{"rendered":"","protected":false},"author":1,"featured_media":0,"parent":263,"menu_order":0,"comment_status":"closed","ping_status":"closed","template":"page-templates\/mainetemplate.php","meta":{"ngg_post_thumbnail":0,"footnotes":""},"class_list":["post-387","page","type-page","status-publish","hentry"],"_links":{"self":[{"href":"https:\/\/visitpoznan.info\/en\/wp-json\/wp\/v2\/pages\/387","targetHints":{"allow":["GET"]}}],"collection":[{"href":"https:\/\/visitpoznan.info\/en\/wp-json\/wp\/v2\/pages"}],"about":[{"href":"https:\/\/visitpoznan.info\/en\/wp-json\/wp\/v2\/types\/page"}],"author":[{"embeddable":true,"href":"https:\/\/visitpoznan.info\/en\/wp-json\/wp\/v2\/users\/1"}],"replies":[{"embeddable":true,"href":"https:\/\/visitpoznan.info\/en\/wp-json\/wp\/v2\/comments?post=387"}],"version-history":[{"count":5,"href":"https:\/\/visitpoznan.info\/en\/wp-json\/wp\/v2\/pages\/387\/revisions"}],"predecessor-version":[{"id":1705,"href":"https:\/\/visitpoznan.info\/en\/wp-json\/wp\/v2\/pages\/387\/revisions\/1705"}],"up":[{"embeddable":true,"href":"https:\/\/visitpoznan.info\/en\/wp-json\/wp\/v2\/pages\/263"}],"wp:attachment":[{"href":"https:\/\/visitpoznan.info\/en\/wp-json\/wp\/v2\/media?parent=387"}],"curies":[{"name":"wp","href":"https:\/\/api.w.org\/{rel}","templated":true}]}}