{"id":318,"date":"2018-03-09T12:56:44","date_gmt":"2018-03-09T11:56:44","guid":{"rendered":"http:\/\/m40.hekko24.pl\/projekty\/visitpoznan\/?page_id=318"},"modified":"2021-11-21T19:39:01","modified_gmt":"2021-11-21T18:39:01","slug":"bilety-wstepow","status":"publish","type":"page","link":"https:\/\/visitpoznan.info\/en\/poznan\/practical-informaction\/admission-price-list\/","title":{"rendered":"ADMISSION PRICE LIST"},"content":{"rendered":"<p><section class=\"kc-elm kc-css-252894 kc_row\"><div class=\"kc-row-container  kc-container\"><div class=\"kc-wrap-columns\"><div class=\"kc-elm kc-css-947331 kc_col-sm-12 kc_column kc_col-sm-12\"><div class=\"kc-col-container\"><div class=\"kc-elm kc-css-977981 kc_text_block mytextstyle\"><\/p>\n<p>Palace1510Art gallery1510London office53Carriage house and stables53<\/p>\n<table class=\"cennik\">\n<tbody>\n<tr>\n<td style=\"padding-top: 30px; padding-bottom: 30px; text-align: left;\" colspan=\"3\"><strong>Pozna\u0144<\/strong><\/td>\n<\/tr>\n<tr>\n<td><strong>Name<\/strong><\/td>\n<td><strong>Standard ticket<br \/>\n(PLN)<br \/>\n<\/strong><\/td>\n<td><strong>Reduced-fee ticket<br \/>\n(PLN) <\/strong><\/td>\n<\/tr>\n<tr>\n<td>Pozna\u0144 Cathedral (with crypt)<\/td>\n<td style=\"text-align: right;\">\u00a03,50<\/td>\n<td style=\"text-align: right;\">2,50<\/td>\n<\/tr>\n<tr>\n<td>Interactive Centre of the History of Ostr\u00f3w Tumski Porta Posnania ICHOT<\/td>\n<td style=\"text-align: right;\">\u00a018<\/td>\n<td style=\"text-align: right;\">12<\/td>\n<\/tr>\n<tr>\n<td>the Genius Loci Archaeological Reserve<\/td>\n<td style=\"text-align: right;\">\u00a06<\/td>\n<td style=\"text-align: right;\">4<\/td>\n<\/tr>\n<tr>\n<td>Archdiocese Museum<\/td>\n<td style=\"text-align: right;\">\u00a010<\/td>\n<td style=\"text-align: right;\">7<\/td>\n<\/tr>\n<tr>\n<td>Ticket pass: ICHOT + Reserve<br \/>\n+ Archdiocese Museum<\/td>\n<td style=\"text-align: right;\">\u00a021<\/td>\n<td style=\"text-align: right;\">13<\/td>\n<\/tr>\n<tr>\n<td>The Palm House<\/td>\n<td style=\"text-align: right;\">\u00a010<\/td>\n<td style=\"text-align: right;\">7<\/td>\n<\/tr>\n<tr>\n<td>Pozna\u0144 Croissant Museum<\/td>\n<td style=\"text-align: right;\">\u00a018<\/td>\n<td style=\"text-align: right;\">16<\/td>\n<\/tr>\n<tr>\n<td>Historical Museum of Pozna\u0144 (Town Hall)<\/td>\n<td style=\"text-align: right;\">\u00a07<\/td>\n<td style=\"text-align: right;\">5<\/td>\n<\/tr>\n<tr>\n<td>National Museum<\/td>\n<td style=\"text-align: right;\">\u00a012<\/td>\n<td style=\"text-align: right;\">8<\/td>\n<\/tr>\n<tr>\n<td>Museum of Functional Art (Imperial Castle)<\/td>\n<td style=\"text-align: right;\">12<\/td>\n<td style=\"text-align: right;\">8<\/td>\n<\/tr>\n<tr>\n<td>June 1956 Uprising Museum<\/td>\n<td style=\"text-align: right;\">8<\/td>\n<td style=\"text-align: right;\">5<\/td>\n<\/tr>\n<tr>\n<td>Wielkopolska Uprising Museum<\/td>\n<td style=\"text-align: right;\">10<\/td>\n<td style=\"text-align: right;\">5<\/td>\n<\/tr>\n<tr>\n<td>Wielkopolska Military Museum<\/td>\n<td style=\"text-align: right;\">7<\/td>\n<td style=\"text-align: right;\">5<\/td>\n<\/tr>\n<tr>\n<td>Museum of Armed Weapons &#8211; Cytadela<\/td>\n<td style=\"text-align: right;\">10<\/td>\n<td style=\"text-align: right;\">5<\/td>\n<\/tr>\n<tr>\n<td>Pozna\u0144 Army Museum<\/td>\n<td style=\"text-align: right;\">8<\/td>\n<td style=\"text-align: right;\">5<\/td>\n<\/tr>\n<tr>\n<td>Museum for Wielkopolska Martyrs \u2013 Fort VII<\/td>\n<td style=\"text-align: right;\">6<\/td>\n<td style=\"text-align: right;\">3<\/td>\n<\/tr>\n<tr>\n<td>Etnographic Museum<\/td>\n<td style=\"text-align: right;\">7<\/td>\n<td style=\"text-align: right;\">5<\/td>\n<\/tr>\n<tr>\n<td>Archeological Museum<\/td>\n<td style=\"text-align: right;\">8<\/td>\n<td style=\"text-align: right;\">4<\/td>\n<\/tr>\n<tr>\n<td>Museum of Musical Instruments<\/td>\n<td style=\"text-align: center;\" colspan=\"2\">Not availible<\/td>\n<\/tr>\n<tr>\n<td>Minature model of old Poznan (every show)<\/td>\n<td style=\"text-align: right;\">17<\/td>\n<td style=\"text-align: right;\">12<\/td>\n<\/tr>\n<tr>\n<td>\u201eMaltanka\u201d Mini Railway ride to the New Zoo<\/td>\n<td style=\"text-align: right;\">6<\/td>\n<td style=\"text-align: right;\">4<\/td>\n<\/tr>\n<tr>\n<td>Old Zoo<\/td>\n<td style=\"text-align: center;\" colspan=\"2\">Free entrance to some parts of the exhibition<\/td>\n<\/tr>\n<tr>\n<td>Pavilion: \u201eWorld of reptiles, amphibians and fish\u201d<\/td>\n<td style=\"text-align: center;\" colspan=\"2\">8 \/ 6 z\u0142<\/td>\n<\/tr>\n<tr>\n<td>New ZOO (weekends \/ week days)<\/td>\n<td style=\"text-align: right;\">24 \/ 18<\/td>\n<td style=\"text-align: right;\">12 \/ 10<\/td>\n<\/tr>\n<tr>\n<td>Malta Summer Toboggan Run<\/td>\n<td style=\"text-align: right;\">7<\/td>\n<td style=\"text-align: right;\">5<\/td>\n<\/tr>\n<tr>\n<td>Literary Museum of Henryk Sienkiewicz<\/td>\n<td style=\"text-align: right;\">4<\/td>\n<td style=\"text-align: right;\">2<\/td>\n<\/tr>\n<tr>\n<td style=\"padding-top: 30px; padding-bottom: 30px; text-align: left;\" colspan=\"3\"><strong>Wielkopolska<\/strong><\/td>\n<\/tr>\n<tr>\n<td>Rogalin \u2013 ticket pass<\/td>\n<td style=\"text-align: right;\">35<\/td>\n<td style=\"text-align: right;\">25<\/td>\n<\/tr>\n<tr>\n<td>K\u00f3rnik &#8211; Castle<\/td>\n<td style=\"text-align: right;\">16<\/td>\n<td style=\"text-align: right;\">8<\/td>\n<\/tr>\n<tr>\n<td>K\u00f3rnik \u2013 Arboretum<\/td>\n<td style=\"text-align: right;\">7<\/td>\n<td style=\"text-align: right;\">5<\/td>\n<\/tr>\n<tr>\n<td>Puszczykowo \u2013 Literary Museum of Arkady Fiedler<\/td>\n<td style=\"text-align: right;\">11<\/td>\n<td style=\"text-align: right;\">10<\/td>\n<\/tr>\n<tr>\n<td>\u015amie\u0142\u00f3w \u2013 Literary Museum of Adam Mickiewicz and palace<\/td>\n<td style=\"text-align: right;\">10<\/td>\n<td style=\"text-align: right;\">7<\/td>\n<\/tr>\n<tr>\n<td>Nowy Tomy\u015bl \u2013 Museum of Wicker and Hop Growing<\/td>\n<td style=\"text-align: right;\">5<\/td>\n<td style=\"text-align: right;\">3<\/td>\n<\/tr>\n<tr>\n<td>Szreniawa \u2013 National Museum of Agriculture and Food Industry+ Bierbaum tower<\/td>\n<td style=\"text-align: right;\">12<\/td>\n<td style=\"text-align: right;\">7<\/td>\n<\/tr>\n<tr>\n<td>Szreniawa \u2013 Bierbaum\u00f3w viewing tower<\/td>\n<td style=\"text-align: right;\">3<\/td>\n<td style=\"text-align: right;\">1,5<\/td>\n<\/tr>\n<tr>\n<td>Swarz\u0119dz \u2013 Bee-Keeping Museum<\/td>\n<td style=\"text-align: right;\">5<\/td>\n<td style=\"text-align: right;\">3<\/td>\n<\/tr>\n<tr>\n<td>Uzarzewo \u2013 Museum of Natural Environment and Hunting in Uzarzewo<\/td>\n<td style=\"text-align: right;\">8<\/td>\n<td style=\"text-align: right;\">6<\/td>\n<\/tr>\n<tr>\n<td>Jaracz \u2013 The Museum of the History of Milling and Water Equipment of Rural Industry<\/td>\n<td style=\"text-align: right;\">5<\/td>\n<td style=\"text-align: right;\">3<\/td>\n<\/tr>\n<tr>\n<td>Sielinko \u2013 Meat Production Museum<\/td>\n<td style=\"text-align: right;\">2<\/td>\n<td style=\"text-align: right;\">1<\/td>\n<\/tr>\n<tr>\n<td>Koszuty \u2013 Museum of the \u015aroda<\/td>\n<td style=\"text-align: right;\">5<\/td>\n<td style=\"text-align: right;\">3<\/td>\n<\/tr>\n<tr>\n<td>Go\u0142uch\u00f3w &#8211; castle<\/td>\n<td style=\"text-align: right;\">10<\/td>\n<td style=\"text-align: right;\">7<\/td>\n<\/tr>\n<tr>\n<td>Szamotu\u0142y \u2013 Halszka Tower<\/td>\n<td style=\"text-align: right;\">4<\/td>\n<td style=\"text-align: right;\">2,50<\/td>\n<\/tr>\n<tr>\n<td>Szamotu\u0142y &#8211; castle<\/td>\n<td style=\"text-align: right;\">4<\/td>\n<td style=\"text-align: right;\">2,50<\/td>\n<\/tr>\n<tr>\n<td style=\"padding-top: 30px; padding-bottom: 30px; text-align: left;\" colspan=\"3\"><strong>THE PIAST TRAIL<\/strong><\/td>\n<\/tr>\n<tr>\n<td>Pobiedziska Miniature Open Air Museum<\/td>\n<td style=\"text-align: right;\">7<\/td>\n<td style=\"text-align: right;\">6<\/td>\n<\/tr>\n<tr>\n<td>Museum of the First Piasts in Lednica (Ostr\u00f3w Lednicki island and\u00a0the little open air museum)<\/td>\n<td style=\"text-align: right;\">10<\/td>\n<td style=\"text-align: right;\">5<\/td>\n<\/tr>\n<tr>\n<td>Wielkopolska Ethnographic Park in Dziekanowice<\/td>\n<td style=\"text-align: right;\">12<\/td>\n<td style=\"text-align: right;\">6<\/td>\n<\/tr>\n<tr>\n<td>First Piasts Borough in\u00a0Gieczu<\/td>\n<td style=\"text-align: right;\">5<\/td>\n<td style=\"text-align: right;\">3<\/td>\n<\/tr>\n<tr>\n<td>Archaeological Reserve w\u00a0Grzybowie<\/td>\n<td style=\"text-align: right;\">5<\/td>\n<td style=\"text-align: right;\">3<\/td>\n<\/tr>\n<tr>\n<td>The Museum of the Origins of Polish State in Gniezno<\/td>\n<td style=\"text-align: right;\">10<\/td>\n<td style=\"text-align: right;\">7<\/td>\n<\/tr>\n<tr>\n<td>Archdiocese of Gniezno Museum<\/td>\n<td style=\"text-align: right;\">10<\/td>\n<td style=\"text-align: right;\">6<\/td>\n<\/tr>\n<tr>\n<td>Gniezno Cathedral \u2013 full tour with Archdiocese of Gniezno Museum<\/td>\n<td style=\"text-align: right;\">21<\/td>\n<td style=\"text-align: right;\">11<\/td>\n<\/tr>\n<tr>\n<td>Gniezno Cathedral Doors<\/td>\n<td style=\"text-align: right;\">6<\/td>\n<td style=\"text-align: right;\">4<\/td>\n<\/tr>\n<tr>\n<td>Crypt of the Gniezno Cathedral<\/td>\n<td style=\"text-align: right;\">5<\/td>\n<td style=\"text-align: right;\">3<\/td>\n<\/tr>\n<tr>\n<td>Gniezno Cathedral Tower<\/td>\n<td style=\"text-align: right;\">4<\/td>\n<td style=\"text-align: right;\">2<\/td>\n<\/tr>\n<tr>\n<td>Strzelno \u2013 Sankt-Prokop-Rotunde and and the Holy Trinity Chruch<\/td>\n<td style=\"text-align: right;\">9<\/td>\n<td style=\"text-align: right;\">6<\/td>\n<\/tr>\n<tr>\n<td>Mouse Tower of Kruszwica<\/td>\n<td style=\"text-align: right;\">6,50<\/td>\n<td style=\"text-align: right;\">5,50<\/td>\n<\/tr>\n<tr>\n<td>Gop\u0142o Lake boat trip<\/td>\n<td style=\"text-align: right;\">17<\/td>\n<td style=\"text-align: right;\">15<\/td>\n<\/tr>\n<tr>\n<td>The archaeological open-air museum in Biskupin<\/td>\n<td style=\"text-align: right;\">12<\/td>\n<td style=\"text-align: right;\">8<\/td>\n<\/tr>\n<tr>\n<td>\u201cDiabe\u0142 Wenecki\u201d pleasure boat trip on lake Biskupin<\/td>\n<td style=\"text-align: center;\" colspan=\"2\">8<\/td>\n<\/tr>\n<tr>\n<td>Narrow Gauge Railway Museum in Wenecja with the remains of Diabe\u0142 Wenecki Castle<\/td>\n<td style=\"text-align: right;\">10<\/td>\n<td style=\"text-align: right;\">8<\/td>\n<\/tr>\n<tr>\n<td>Narrow-gauge railway one-way\/ round trip<\/td>\n<td style=\"text-align: right;\">Od 7 do\u00a012<\/td>\n<td style=\"text-align: right;\">Od 5 do\u00a010<\/td>\n<\/tr>\n<tr>\n<td>Zaurolandia &#8211; Dinosaur Theme Park<\/td>\n<td style=\"text-align: right;\">20<\/td>\n<td style=\"text-align: right;\">15<\/td>\n<\/tr>\n<\/tbody>\n<\/table>\n<p>\n<\/div><div class=\"kc-elm kc-css-172501\" style=\"height: 20px; clear: both; width:100%;\"><\/div><\/div><\/div><\/div><\/div><\/section><\/p>","protected":false},"excerpt":{"rendered":"","protected":false},"author":1,"featured_media":0,"parent":244,"menu_order":0,"comment_status":"closed","ping_status":"closed","template":"page-templates\/mainetemplate.php","meta":{"ngg_post_thumbnail":0,"footnotes":""},"class_list":["post-318","page","type-page","status-publish","hentry"],"_links":{"self":[{"href":"https:\/\/visitpoznan.info\/en\/wp-json\/wp\/v2\/pages\/318","targetHints":{"allow":["GET"]}}],"collection":[{"href":"https:\/\/visitpoznan.info\/en\/wp-json\/wp\/v2\/pages"}],"about":[{"href":"https:\/\/visitpoznan.info\/en\/wp-json\/wp\/v2\/types\/page"}],"author":[{"embeddable":true,"href":"https:\/\/visitpoznan.info\/en\/wp-json\/wp\/v2\/users\/1"}],"replies":[{"embeddable":true,"href":"https:\/\/visitpoznan.info\/en\/wp-json\/wp\/v2\/comments?post=318"}],"version-history":[{"count":6,"href":"https:\/\/visitpoznan.info\/en\/wp-json\/wp\/v2\/pages\/318\/revisions"}],"predecessor-version":[{"id":2225,"href":"https:\/\/visitpoznan.info\/en\/wp-json\/wp\/v2\/pages\/318\/revisions\/2225"}],"up":[{"embeddable":true,"href":"https:\/\/visitpoznan.info\/en\/wp-json\/wp\/v2\/pages\/244"}],"wp:attachment":[{"href":"https:\/\/visitpoznan.info\/en\/wp-json\/wp\/v2\/media?parent=318"}],"curies":[{"name":"wp","href":"https:\/\/api.w.org\/{rel}","templated":true}]}}