{"id":313,"date":"2018-03-09T12:50:52","date_gmt":"2018-03-09T11:50:52","guid":{"rendered":"http:\/\/m40.hekko24.pl\/projekty\/visitpoznan\/?page_id=313"},"modified":"2018-09-05T08:55:04","modified_gmt":"2018-09-05T06:55:04","slug":"poznanska-karta-miejska","status":"publish","type":"page","link":"https:\/\/visitpoznan.info\/en\/poznan\/practical-informaction\/poznan-city-card\/","title":{"rendered":"POZNA\u0143 CITY CARD"},"content":{"rendered":"<p><section class=\"kc-elm kc-css-911499 kc_row\"><div class=\"kc-row-container  kc-container\"><div class=\"kc-wrap-columns\"><div class=\"kc-elm kc-css-428589 kc_col-sm-12 kc_column kc_col-sm-12\"><div class=\"kc-col-container\"><div class=\"kc-elm kc-css-948182 kc_text_block mytextstyle\"><\/p>\n<p>\nPozna\u0144 City Card is the perfect way for the individual tourist to visit the city \u2013 a card holder exploring Poznan attractions or museums will not have to pay for the entrance!<br \/>\nUsing the city transportation like tram or bus between the attractions you won\u2019t have to worry about the ticket. Pozna\u0144 City Card as a public transportation ticket is valid in every tram and bus in Zone A (only Pozna\u0144), B (nearest communities) and C (communities located further away from Poza\u0144).<br \/>\nVisiting the Palm House or Zoo or watching a show of one of the City Models, or even going to the swimming pool? With the card you can get a discount.<br \/>\nEnjoying your evening in the theater, a restaurant or a caf\u00e9? Enjoy your attractions at a reduced price when you show your card.<br \/>\nAll together over 70 attractions for the price of 30 zloty.<br \/>\nYou can find the full list of attractions <a href=\"http:\/\/www.poznan.pl\/mim\/turystyka\/karta-turystyczna,p,581.html\">here<\/a>.<\/p>\n<p>Card is avaibale in:<br \/>\n&#8211; City Information Center\u00a0(Arkadia, ul. Ratajczaka 44)<br \/>\n&#8211; Tourist Information Center (Stary Rynek 59\/60)<br \/>\n&#8211; Pozna\u0144-\u0141awica Airport (ul. Bukowska 285)<br \/>\n&#8211; Pozna\u0144 G\u0142\u00f3wny Main Railway Station (ul. Dworcowa 2)<br \/>\n&#8211; selected hotels<\/p>\n<p>\n<\/div><\/div><\/div><\/div><\/div><\/section><\/p>","protected":false},"excerpt":{"rendered":"","protected":false},"author":1,"featured_media":0,"parent":244,"menu_order":0,"comment_status":"closed","ping_status":"closed","template":"page-templates\/mainetemplate.php","meta":{"ngg_post_thumbnail":0,"footnotes":""},"class_list":["post-313","page","type-page","status-publish","hentry"],"_links":{"self":[{"href":"https:\/\/visitpoznan.info\/en\/wp-json\/wp\/v2\/pages\/313","targetHints":{"allow":["GET"]}}],"collection":[{"href":"https:\/\/visitpoznan.info\/en\/wp-json\/wp\/v2\/pages"}],"about":[{"href":"https:\/\/visitpoznan.info\/en\/wp-json\/wp\/v2\/types\/page"}],"author":[{"embeddable":true,"href":"https:\/\/visitpoznan.info\/en\/wp-json\/wp\/v2\/users\/1"}],"replies":[{"embeddable":true,"href":"https:\/\/visitpoznan.info\/en\/wp-json\/wp\/v2\/comments?post=313"}],"version-history":[{"count":3,"href":"https:\/\/visitpoznan.info\/en\/wp-json\/wp\/v2\/pages\/313\/revisions"}],"predecessor-version":[{"id":1863,"href":"https:\/\/visitpoznan.info\/en\/wp-json\/wp\/v2\/pages\/313\/revisions\/1863"}],"up":[{"embeddable":true,"href":"https:\/\/visitpoznan.info\/en\/wp-json\/wp\/v2\/pages\/244"}],"wp:attachment":[{"href":"https:\/\/visitpoznan.info\/en\/wp-json\/wp\/v2\/media?parent=313"}],"curies":[{"name":"wp","href":"https:\/\/api.w.org\/{rel}","templated":true}]}}