{"id":310,"date":"2018-03-09T12:44:06","date_gmt":"2018-03-09T11:44:06","guid":{"rendered":"http:\/\/m40.hekko24.pl\/projekty\/visitpoznan\/?page_id=310"},"modified":"2023-09-04T15:55:34","modified_gmt":"2023-09-04T13:55:34","slug":"komunikacja-w-poznaniu","status":"publish","type":"page","link":"https:\/\/visitpoznan.info\/en\/poznan\/practical-informaction\/travel-in-poznan\/","title":{"rendered":"TRAVEL IN POZNA\u0143"},"content":{"rendered":"<p><section class=\"kc-elm kc-css-171592 kc_row\"><div class=\"kc-row-container  kc-container\"><div class=\"kc-wrap-columns\"><div class=\"kc-elm kc-css-875020 kc_col-sm-12 kc_column kc_col-sm-12\"><div class=\"kc-col-container\"><div class=\"kc-elm kc-css-780703 kc_text_block mytextstyle\"><\/p>\n<p><strong>Transportation in the city<\/strong><br \/>\nPozna\u0144 is assured by the City Transport Enterprise (MPK) in cooperation with City Transportation Office (ZTM) and also by several similar carriers in suburban municipalities surrounding Pozna\u0144. It\u2019s easy see the difference between city and suburban bus lines because the route numbers on Pozna\u0144 buses have two digit numbers and suburban operators have three digit numbers. The communication system uses the same tickets in three tariff zones, wherein the city is designated A, the nearest areas are designated B, and the most distant municipalities \u2013 C.<br \/>\n20 tram routes (excluding renovation periods) run through the city, these are complemented by over 50 bus routes, assuring transport from about 5:00 (on Sundays from about 6:30) to 23:00. Whereas at night (that is between 23:00 and 5:00, and on Sundays to 6:30), transport is provided on a\u00a0single night tram route and by over 20 bus lines.<br \/>\nThe full list of all routes may be found on the internet site\u00a0rozk\u0142adzie jazdy ZTM.<br \/>\n(<a href=\"http:\/\/www.mpk.poznan.pl\/rozklad-jazdy\">http:\/\/www.mpk.poznan.pl\/rozklad-jazdy<\/a><br \/>\nOr<br \/>\n<a href=\"http:\/\/www.ztm.poznan.pl\/#planner\/tab\/scheduler\">http:\/\/www.ztm.poznan.pl\/#planner\/tab\/scheduler<\/a>).<\/p>\n<p><strong>Tickets Bilety<\/strong><br \/>\nThere are three types of tickets used in Poznan.<br \/>\n<strong>Single journey ticket \u2013 paper<\/strong>. This option is the most accessible, though definitely the most expensive. You will buy them in one of several thousand places selling them in the city such as shops, kiosks, automatic ticket machines or ZTM service points and purchase a\u00a0paper ticket there: for 10 minutes, for 40 minutes (with the ability to change tram or bus) or<br \/>\nsingle-journey (irrespective of travel time, but without changing vehicle). The same prices apply equally on suburban and night transport services.<br \/>\nHowever, especially good value paper tickets are those for 24, 48 and 72 hours. Furthermore: a\u00a024-hour ticket punched in from Friday 20:00 to Saturday 24:00 is valid until midnight of Sunday to Monday!<\/p>\n<p><strong>Single use electronic tickets<\/strong>.If you want to use the city transporation after arrival to Pozna\u0144 you need to visit one of the ZTM client service points or go to one of the 200 ticket sales points (list\u00a0<a href=\"https:\/\/www.peka.poznan.pl\/documents\/10180\/9d462091-dd31-44d3-b6d5-8d3f960ff0aa\">here<\/a> ) and buy a\u00a0PEKA bearer&#039;s card for 27 PLN (of which 12 PLN as a\u00a0deposit returned upon return of the card, and 15 PLN is the balance on one&#039;s account). We can also load the card for every amount of money.<br \/>\nWhen travelling with a\u00a0PEKA card whenever boarding or getting off a\u00a0tram or bus you must place the card on a\u00a0special orange card reader. The reader automatically subtracts the appropriate amount from your PEKA account. The price of the ticket in fact depends on the number of stops that are passed \u2013 the first stop costs the most (0.60 PLN), but each additional stop cost progressively less, until the 10th and further stops when the fare is fixed at 0.08 PLN for each successive stop. If we use the equivalent of the 24 hour ticket we do not have to pay anything else.<br \/>\nPlease note! When placing the card on the reader on boarding tram or bus it automatically deducts the equivalent of the journey from the specific stop to the end of the given line, but when placing the card on the reader again when leaving the tram or bus, the reader returns the unused money to the card. Furthermore one may change tram or bus three times and the number of stops is added together.<br \/>\nIt is important that: with one card several people may travel, simultaneously using a\u00a0normal or discounted fare. When placing the bearer&#039;s card on the reader after boarding the vehicle one selects the tariff type (normal\/concessionary) and the number of passenger for each of them.<br \/>\nThough at first this option sounds complicated, it is definitely advantageous. Here are some examples of typical routes, used by tourists moving around the city:<br \/>\nMain Railway\/Bus Station -> Lake Malta &#8211; paper ticket: 4.60 PLN, PEKA 2.80 PLN.<br \/>\nStare Miasto -> Cathedral \u2013 paper ticket 3.00 PLN, PEKA 1.10 PLN.<br \/>\nStare Miasto -> Palmiarnia \u2013 paper ticket 4.60 PLN, PEKA 2.54 PLN.<br \/>\n<strong>Period ticket \u2013 electronic<\/strong>. Recommended for those of you, who plan to stay in Pozna\u0144 for a\u00a0longer period (studies, scholarship, work etc.) \u2013 buy a\u00a0PEKA card (with your own name \u2013 it is free!), load the card (it may be loaded in the above mentioned places, or also via the Internet) for the chosen number of days from 14 to 366 and&#8230; It&#039;s ready! One may travel without placing the card on the readers.<br \/>\nWhere to find automatic ticket vending machines in Pozna\u0144 (paper or electronic) \u2013\u00a0<a href=\"https:\/\/www.ztm.poznan.pl\/fares-tickets\/where-to-buy-the-ticket\/\">here\u00a0<\/a> you may find a\u00a0list of appliances, and\u00a0<a href=\"https:\/\/www.ztm.poznan.pl\/fares-tickets\/location-of-ticket-machines\/\">here<\/a>\u00a0 a\u00a0map showing the location of all ticket vending machines.<br \/>\n<strong>Travelling at night &#8211; Komunikacja nocna<\/strong><br \/>\nThe majority of night lines start from the vicinity of the main roundabout Rondo Kaponiera (in the western part of the city centre, next to the Main Station and the trade fair centre); Buses leave from different stops around Kaponiera every half an hour (generally at the final minutes 1:00 and 1:30). At night the same ticket prices and types apply as during the day.<br \/>\nMore information about prices, routes (day, night and suburban), track or road repairs and time table details may be found at:\u00a0<a href=\"http:\/\/www.ztm.poznan.pl\">http:\/\/www.ztm.poznan.pl<\/a><\/p>\n<p><strong>Suburban transport &#8211; Komunikacja podmiejska<\/strong><br \/>\nEver more frequently suburban lines (some of them served by Pozna\u0144 MPK, and some by municipality contractors) are managed by ZTM. This means that having a\u00a0&#8220;Pozna\u0144\" ticket one may equally travel beyond the city.<br \/>\nMore information about the routs (daily, nights and suburban), road reparation and timetables you can find: <a href=\"http:\/\/www.ztm.poznan.pl\">http:\/\/www.ztm.poznan.pl<\/a><\/p>\n<p><strong>Bicycle or city motorbike<\/strong><br \/>\nYou have travelled to Pozna\u0144 without your beloved bicycle, but you would like to visit Gr\u00f3d Przemys\u0142a (the ancient fortified settlement of Przemys\u0142aw) on two wheels? It is enough to borrow a\u00a0bicycle from one of the several city bicycle stations. Find a\u00a0bicycle station map:<br \/>\n(<a href=\"https:\/\/nextbike.pl\/miasta\/poznanski-rower-miejski\/\">https:\/\/nextbike.pl\/miasta\/poznanski-rower-miejski\/<\/a>).<br \/>\nFor those who like to feel the wind in their hair but instead of cycling they prefer to driving should be interested in offer city of motorbike. More information you can find here: (<a href=\"http:\/\/www.blinkee.pl\">http:\/\/www.blinkee.pl<\/a>)<\/p>\n<p><strong>Expeditions by car around the city<\/strong><br \/>\nWe advise against using a\u00a0car in the city \u2013 frequent road works, traffic jams, one-way street systems, which despite good road signs may be a\u00a0challenge for drivers from outside Pozna\u0144, even with GPS Sat Nav, in particular in specific quarters, residential estates and areas with most important tourist attractions. The entire centre, together with adjacent streets is a\u00a0Paid Parking Zone, and parking for several hours can cost quite a\u00a0few PLN! The parking zone map, price list and zone regulations are to be found\u00a0<a href=\"http:\/\/zdm.poznan.pl\/parkowanie.php\">here<\/a>.<\/p>\n<p>If you coming to Pozna\u0144 and need a car only for few minutes you can use car sharing service.<br \/>\nAt the beginning of 2018 in Poznan operated 2 companies, which provide car to rent for minutes: <a href=\"https:\/\/www.traficar.pl\">https:\/\/www.traficar.pl<\/a> and <a href=\"https:\/\/www.click2go.pl\/\">https:\/\/www.click2go.pl\/<\/a>.<\/p>\n<p>During your stay in the city when you would like to visit the outskirts of Pozna\u0144, the easiest way is to rent a car from many car rental agencies, for example: : www.avis.pl, www.carfree.pl, www.happycar.pl, www.europcar.com.pl, www.rentis.pl, www.auto-rent.eu, www.a-1.pl, www.express.pl, www.sixt.pl. Full list of the car rental agencies you can find <a href=\"http:\/\/www.poznan.pl\/mim\/main\/wypozyczalnie-samochodow,poi,514,6029\/\">here<\/a>:<\/p>\n<p>Those who prefer to be driven around the city can use the different varieties of taxi services on offer. Generally the rule is: it is almost always cheaper to use a\u00a0radio taxi, ordering it by telephone.<br \/>\nThe list of corporation taxis (dryndi) is to be found\u00a0<a href=\"http:\/\/www.poznan.pl\/mim\/main\/taxi,poi,116,6029\/\">here.<\/a><\/p>\n<p>\n<\/div><\/div><\/div><\/div><\/div><\/section><\/p>","protected":false},"excerpt":{"rendered":"","protected":false},"author":1,"featured_media":0,"parent":244,"menu_order":0,"comment_status":"closed","ping_status":"closed","template":"page-templates\/mainetemplate.php","meta":{"ngg_post_thumbnail":0,"footnotes":""},"class_list":["post-310","page","type-page","status-publish","hentry"],"_links":{"self":[{"href":"https:\/\/visitpoznan.info\/en\/wp-json\/wp\/v2\/pages\/310","targetHints":{"allow":["GET"]}}],"collection":[{"href":"https:\/\/visitpoznan.info\/en\/wp-json\/wp\/v2\/pages"}],"about":[{"href":"https:\/\/visitpoznan.info\/en\/wp-json\/wp\/v2\/types\/page"}],"author":[{"embeddable":true,"href":"https:\/\/visitpoznan.info\/en\/wp-json\/wp\/v2\/users\/1"}],"replies":[{"embeddable":true,"href":"https:\/\/visitpoznan.info\/en\/wp-json\/wp\/v2\/comments?post=310"}],"version-history":[{"count":4,"href":"https:\/\/visitpoznan.info\/en\/wp-json\/wp\/v2\/pages\/310\/revisions"}],"predecessor-version":[{"id":2248,"href":"https:\/\/visitpoznan.info\/en\/wp-json\/wp\/v2\/pages\/310\/revisions\/2248"}],"up":[{"embeddable":true,"href":"https:\/\/visitpoznan.info\/en\/wp-json\/wp\/v2\/pages\/244"}],"wp:attachment":[{"href":"https:\/\/visitpoznan.info\/en\/wp-json\/wp\/v2\/media?parent=310"}],"curies":[{"name":"wp","href":"https:\/\/api.w.org\/{rel}","templated":true}]}}