{"id":308,"date":"2018-03-09T12:42:50","date_gmt":"2018-03-09T11:42:50","guid":{"rendered":"http:\/\/m40.hekko24.pl\/projekty\/visitpoznan\/?page_id=308"},"modified":"2018-09-05T10:35:42","modified_gmt":"2018-09-05T08:35:42","slug":"dojazd-do-poznania","status":"publish","type":"page","link":"https:\/\/visitpoznan.info\/en\/poznan\/practical-informaction\/coming-to-poznan\/","title":{"rendered":"JAK DOJECHA\u0106 DO POZNANIA"},"content":{"rendered":"<section class=\"kc-elm kc-css-260584 kc_row\"><div class=\"kc-row-container  kc-container\"><div class=\"kc-wrap-columns\"><div class=\"kc-elm kc-css-419403 kc_col-sm-12 kc_column kc_col-sm-12\"><div class=\"kc-col-container\"><div class=\"kc-elm kc-css-743492 kc_text_block mytextstyle\"><\/p>\n<p style=\"text-align: justify;\">Do Poznania mo\u017cna dojecha\u0107 wszystkimi dost\u0119pnymi \u015brodkami lokomocji &#8211; samolotem, poci\u0105giem, autobusem i naturalnie samochodem. Poni\u017cej podajemy linki, kt\u00f3re mog\u0105 by\u0107 przydatne:<\/p>\n<p style=\"text-align: justify;\">Lotnisko \u0141awica &#8211; <a href=\"https:\/\/www.airport-poznan.com.pl\/pl\/\" rel=\"nofollow\">https:\/\/www.airport-poznan.com.pl\/pl\/<\/a><br \/>\nPrzejazdy PKP &#8211; <a href=\"http:\/\/rozklad-pkp.pl\/pl\/terminal\/poznan-glowny\" rel=\"nofollow\">http:\/\/rozklad-pkp.pl\/pl\/terminal\/poznan-glowny<\/a><br \/>\nAutobus w komunikacji mi\u0119dzymiastowej&nbsp;&#8211;&nbsp;<a href=\"http:\/\/www.pks.poznan.pl\/rozklad_jazdy\" rel=\"nofollow\">http:\/\/www.pks.poznan.pl\/rozklad_jazdy<\/a>, <a href=\"https:\/\/www.flixbus.pl\/autobusy\/poznan\" target=\"_blank\" rel=\"nofollow noopener\">https:\/\/www.flixbus.pl\/autobusy\/poznan<\/a><br \/>\nAutostrada A2&nbsp;&#8211;&nbsp;<a href=\"https:\/\/www.autostrada-a2.pl\" rel=\"nofollow\">https:\/\/www.autostrada-a2.pl<\/a><\/p>\n<p>\n<\/div><\/div><\/div><\/div><\/div><\/section>\n","protected":false},"excerpt":{"rendered":"","protected":false},"author":1,"featured_media":0,"parent":244,"menu_order":0,"comment_status":"closed","ping_status":"closed","template":"page-templates\/mainetemplate.php","meta":{"ngg_post_thumbnail":0,"footnotes":""},"class_list":["post-308","page","type-page","status-publish","hentry"],"_links":{"self":[{"href":"https:\/\/visitpoznan.info\/en\/wp-json\/wp\/v2\/pages\/308","targetHints":{"allow":["GET"]}}],"collection":[{"href":"https:\/\/visitpoznan.info\/en\/wp-json\/wp\/v2\/pages"}],"about":[{"href":"https:\/\/visitpoznan.info\/en\/wp-json\/wp\/v2\/types\/page"}],"author":[{"embeddable":true,"href":"https:\/\/visitpoznan.info\/en\/wp-json\/wp\/v2\/users\/1"}],"replies":[{"embeddable":true,"href":"https:\/\/visitpoznan.info\/en\/wp-json\/wp\/v2\/comments?post=308"}],"version-history":[{"count":4,"href":"https:\/\/visitpoznan.info\/en\/wp-json\/wp\/v2\/pages\/308\/revisions"}],"predecessor-version":[{"id":1866,"href":"https:\/\/visitpoznan.info\/en\/wp-json\/wp\/v2\/pages\/308\/revisions\/1866"}],"up":[{"embeddable":true,"href":"https:\/\/visitpoznan.info\/en\/wp-json\/wp\/v2\/pages\/244"}],"wp:attachment":[{"href":"https:\/\/visitpoznan.info\/en\/wp-json\/wp\/v2\/media?parent=308"}],"curies":[{"name":"wp","href":"https:\/\/api.w.org\/{rel}","templated":true}]}}