{"id":274,"date":"2018-03-09T11:46:13","date_gmt":"2018-03-09T10:46:13","guid":{"rendered":"http:\/\/m40.hekko24.pl\/projekty\/visitpoznan\/?page_id=274"},"modified":"2018-07-03T15:37:17","modified_gmt":"2018-07-03T13:37:17","slug":"szkolenia","status":"publish","type":"page","link":"https:\/\/visitpoznan.info\/en\/offer\/polski-szkolenia\/","title":{"rendered":"SZKOLENIA"},"content":{"rendered":"<p><section class=\"kc-elm kc-css-367018 kc_row\"><div class=\"kc-row-container  kc-container\"><div class=\"kc-wrap-columns\"><div class=\"kc-elm kc-css-565579 kc_col-sm-12 kc_column kc_col-sm-12\"><div class=\"kc-col-container\"><div class=\"kc-elm kc-css-482766 kc_text_block\"><\/p>\n<p style=\"text-align: justify;\">Zapraszamy Pa\u0144stwa do zapoznania si\u0119 z ofert\u0105 <strong>szkole\u0144<\/strong> przeznaczonych <strong>dla nauczycieli<\/strong> <strong>wychowania przedszkolnego<\/strong>, dotycz\u0105cych historii, tradycji i kultury regionu: Wielkopolski &#8211; naszej ma\u0142ej ojczyzny.<\/p>\n<p style=\"text-align: justify;\">Szkolenia maj\u0105 form\u0119 <strong>wycieczek<\/strong>, kt\u00f3re polegaj\u0105 nie tylko na biernym s\u0142uchaniu przewodnika. To <strong>interaktywne warsztaty<\/strong>, maj\u0105ce na celu pobudzenie aktywno\u015bci wszystkich uczestnik\u00f3w.<\/p>\n<p style=\"text-align: justify;\">Nauczyciele otrzymuj\u0105 karty pracy, zwiedzaj\u0105 muzea, bior\u0105 czynny udzia\u0142 w warsztatach i wyk\u0142adach zwi\u0105zanych z tematem wycieczki.<\/p>\n<p style=\"text-align: justify;\">Ta forma szkolenia ma ich zainspirowa\u0107 do dalszej pracy pedagogiczno-wychowawczej z dzie\u0107mi.<\/p>\n<p style=\"text-align: justify;\">Szczeg\u00f3\u0142y oferty do pobrania w za\u0142\u0105czniku: <a href=\"http:\/\/visitpoznan.info\/wp-content\/uploads\/2018\/03\/oferta_szkol_visist.pdf\"><strong>pobierz<\/strong><\/a> .<\/p>\n<p>\n<\/div><\/div><\/div><\/div><\/div><\/section><\/p>","protected":false},"excerpt":{"rendered":"","protected":false},"author":1,"featured_media":0,"parent":23,"menu_order":0,"comment_status":"closed","ping_status":"closed","template":"page-templates\/mainetemplate.php","meta":{"ngg_post_thumbnail":0,"footnotes":""},"class_list":["post-274","page","type-page","status-publish","hentry"],"_links":{"self":[{"href":"https:\/\/visitpoznan.info\/en\/wp-json\/wp\/v2\/pages\/274","targetHints":{"allow":["GET"]}}],"collection":[{"href":"https:\/\/visitpoznan.info\/en\/wp-json\/wp\/v2\/pages"}],"about":[{"href":"https:\/\/visitpoznan.info\/en\/wp-json\/wp\/v2\/types\/page"}],"author":[{"embeddable":true,"href":"https:\/\/visitpoznan.info\/en\/wp-json\/wp\/v2\/users\/1"}],"replies":[{"embeddable":true,"href":"https:\/\/visitpoznan.info\/en\/wp-json\/wp\/v2\/comments?post=274"}],"version-history":[{"count":3,"href":"https:\/\/visitpoznan.info\/en\/wp-json\/wp\/v2\/pages\/274\/revisions"}],"predecessor-version":[{"id":1701,"href":"https:\/\/visitpoznan.info\/en\/wp-json\/wp\/v2\/pages\/274\/revisions\/1701"}],"up":[{"embeddable":true,"href":"https:\/\/visitpoznan.info\/en\/wp-json\/wp\/v2\/pages\/23"}],"wp:attachment":[{"href":"https:\/\/visitpoznan.info\/en\/wp-json\/wp\/v2\/media?parent=274"}],"curies":[{"name":"wp","href":"https:\/\/api.w.org\/{rel}","templated":true}]}}