{"id":248,"date":"2018-03-09T10:44:42","date_gmt":"2018-03-09T09:44:42","guid":{"rendered":"http:\/\/m40.hekko24.pl\/projekty\/visitpoznan\/?page_id=248"},"modified":"2018-06-14T13:38:23","modified_gmt":"2018-06-14T11:38:23","slug":"ciekawostki","status":"publish","type":"page","link":"https:\/\/visitpoznan.info\/en\/poznan\/curiosities\/","title":{"rendered":"CURIOSITIES"},"content":{"rendered":"<p><section class=\"kc-elm kc-css-457255 kc_row\"><div class=\"kc-row-container  kc-container\"><div class=\"kc-wrap-columns\"><div class=\"kc-elm kc-css-766040 kc_col-sm-12 kc_column kc_col-sm-12\"><div class=\"kc-col-container\"><div class=\"kc-elm kc-css-849020 kc_text_block\"><\/p>\n<p style=\"text-align: justify;\">Pozna\u0144 i Poznaniacy, jak ka\u017cde miasto, ma swoje cechy charakterystyczne. Ka\u017cdy chyba s\u0142ysza\u0142 o pyrkach z gzikiem, kt\u00f3re goszcz\u0105 na pozna\u0144skich sto\u0142ach co pi\u0105tek, albo o sznece z glancem jedzonej do po\u0142udniowej kawy. Je\u015bli nie wiecie co to plyndze, albo jak zrobi\u0107 sznek\u0119 to koniecznie zajrzycie do zak\u0142adki <strong><em>gwara pozna\u0144ska<\/em><\/strong> oraz <em><strong>kuchnia regionalna<\/strong><\/em>!<\/p>\n<p style=\"text-align: justify;\">Niejeden natomiast powie, \u017ce prawdziwy Poznaniak to Szkot wyp\u0119dzony ze Szkocji za rozrzutno\u015b\u0107. Fakt, bardzo rozs\u0105dnie podchodzimy do wydawania naszych ci\u0119\u017cko zarobionych bejm\u00f3w \u2013 ale mamy do siebie dystans! Potrafimy si\u0119 z siebie \u015bmia\u0107. Najciekawsze, wed\u0142ug nas, \u017carty o Poznaniakach znajdziecie w zak\u0142adce <strong><em>dowcipy<\/em><\/strong>.<\/p>\n<p style=\"text-align: justify;\">Je\u015bli chcecie dowiedzie\u0107 si\u0119 jeszcze wi\u0119cej o Poznaniu i Poznaniakach, to b\u0119d\u0105c w grodzie Przemys\u0142a koniecznie przyjd\u017acie na <em><strong>spacery<\/strong><\/em> Visit Pozna\u0144 z przewodnikiem!<\/p>\n<p>\n<\/div><\/div><\/div><\/div><\/div><\/section><\/p>","protected":false},"excerpt":{"rendered":"","protected":false},"author":1,"featured_media":0,"parent":21,"menu_order":0,"comment_status":"closed","ping_status":"closed","template":"page-templates\/mainetemplate.php","meta":{"ngg_post_thumbnail":0,"footnotes":""},"class_list":["post-248","page","type-page","status-publish","hentry"],"_links":{"self":[{"href":"https:\/\/visitpoznan.info\/en\/wp-json\/wp\/v2\/pages\/248","targetHints":{"allow":["GET"]}}],"collection":[{"href":"https:\/\/visitpoznan.info\/en\/wp-json\/wp\/v2\/pages"}],"about":[{"href":"https:\/\/visitpoznan.info\/en\/wp-json\/wp\/v2\/types\/page"}],"author":[{"embeddable":true,"href":"https:\/\/visitpoznan.info\/en\/wp-json\/wp\/v2\/users\/1"}],"replies":[{"embeddable":true,"href":"https:\/\/visitpoznan.info\/en\/wp-json\/wp\/v2\/comments?post=248"}],"version-history":[{"count":1,"href":"https:\/\/visitpoznan.info\/en\/wp-json\/wp\/v2\/pages\/248\/revisions"}],"predecessor-version":[{"id":1559,"href":"https:\/\/visitpoznan.info\/en\/wp-json\/wp\/v2\/pages\/248\/revisions\/1559"}],"up":[{"embeddable":true,"href":"https:\/\/visitpoznan.info\/en\/wp-json\/wp\/v2\/pages\/21"}],"wp:attachment":[{"href":"https:\/\/visitpoznan.info\/en\/wp-json\/wp\/v2\/media?parent=248"}],"curies":[{"name":"wp","href":"https:\/\/api.w.org\/{rel}","templated":true}]}}