{"id":417,"date":"2018-03-13T13:59:13","date_gmt":"2018-03-13T12:59:13","guid":{"rendered":"http:\/\/m40.hekko24.pl\/projekty\/visitpoznan\/?page_id=417"},"modified":"2018-09-06T08:50:48","modified_gmt":"2018-09-06T06:50:48","slug":"galeria","status":"publish","type":"page","link":"http:\/\/visitpoznan.info\/en\/gallery\/","title":{"rendered":"Gallery"},"content":{"rendered":"<p><section class=\"kc-elm kc-css-834263 kc_row\"><div class=\"kc-row-container  kc-container\"><div class=\"kc-wrap-columns\"><div class=\"kc-elm kc-css-382969 kc_col-sm-12 kc_column kc_col-sm-12\"><div class=\"kc-col-container\">\n<div class=\"kc-elm kc-css-909987 kc-title-wrap \">\n\n\t<span class=\"kc_title\">Ostr\u00f3w Tumski<\/span>\n<\/div>\n<div class=\"kc-elm kc-css-516085 kc_text_block galeria\"><\/p>\n<p>ngg_shortcode_3_placeholder<\/p>\n<p>\n<\/div>\n<div class=\"kc-elm kc-css-511728 kc-title-wrap \">\n\n\t<span class=\"kc_title\">Stary Rynek<\/span>\n<\/div>\n<div class=\"kc-elm kc-css-933590 kc_text_block galeria\"><\/p>\n<p>ngg_shortcode_4_placeholder<\/p>\n<p>\n<\/div>\n<div class=\"kc-elm kc-css-363087 kc-title-wrap \">\n\n\t<span class=\"kc_title\">Dzielnica Cesarska<\/span>\n<\/div>\n<div class=\"kc-elm kc-css-211882 kc_text_block galeria\"><\/p>\n<p>ngg_shortcode_5_placeholder<\/p>\n<p>\n<\/div>\n<div class=\"kc-elm kc-css-544767 kc-title-wrap \">\n\n\t<span class=\"kc_title\">\u015ar\u00f3dmie\u015bcie<\/span>\n<\/div>\n<div class=\"kc-elm kc-css-331895 kc_text_block galeria\"><\/p>\n<p>ngg_shortcode_6_placeholder<\/p>\n<p>\n<\/div><\/div><\/div><\/div><\/div><\/section><\/p>","protected":false},"excerpt":{"rendered":"","protected":false},"author":1,"featured_media":0,"parent":0,"menu_order":0,"comment_status":"closed","ping_status":"closed","template":"page-templates\/mainetemplate.php","meta":{"ngg_post_thumbnail":0,"footnotes":""},"class_list":["post-417","page","type-page","status-publish","hentry"],"_links":{"self":[{"href":"http:\/\/visitpoznan.info\/en\/wp-json\/wp\/v2\/pages\/417","targetHints":{"allow":["GET"]}}],"collection":[{"href":"http:\/\/visitpoznan.info\/en\/wp-json\/wp\/v2\/pages"}],"about":[{"href":"http:\/\/visitpoznan.info\/en\/wp-json\/wp\/v2\/types\/page"}],"author":[{"embeddable":true,"href":"http:\/\/visitpoznan.info\/en\/wp-json\/wp\/v2\/users\/1"}],"replies":[{"embeddable":true,"href":"http:\/\/visitpoznan.info\/en\/wp-json\/wp\/v2\/comments?post=417"}],"version-history":[{"count":75,"href":"http:\/\/visitpoznan.info\/en\/wp-json\/wp\/v2\/pages\/417\/revisions"}],"predecessor-version":[{"id":1911,"href":"http:\/\/visitpoznan.info\/en\/wp-json\/wp\/v2\/pages\/417\/revisions\/1911"}],"wp:attachment":[{"href":"http:\/\/visitpoznan.info\/en\/wp-json\/wp\/v2\/media?parent=417"}],"curies":[{"name":"wp","href":"https:\/\/api.w.org\/{rel}","templated":true}]}}