{"id":415,"date":"2018-03-13T13:58:53","date_gmt":"2018-03-13T12:58:53","guid":{"rendered":"http:\/\/m40.hekko24.pl\/projekty\/visitpoznan\/?page_id=415"},"modified":"2020-12-11T21:46:54","modified_gmt":"2020-12-11T20:46:54","slug":"gdzie-jesc","status":"publish","type":"page","link":"http:\/\/visitpoznan.info\/en\/restaurants\/","title":{"rendered":"Restaurants"},"content":{"rendered":"<p><section class=\"kc-elm kc-css-164236 kc_row\"><div class=\"kc-row-container  kc-container\"><div class=\"kc-wrap-columns\"><div class=\"kc-elm kc-css-805097 kc_col-sm-12 kc_column kc_col-sm-12\"><div class=\"kc-col-container\"><div class=\"kc-elm kc-css-50117 kc_text_block mytextstyle\"><\/p>\n<div style=\"text-align: justify;\">\n<p>Poni\u017cej przedstawiamy list\u0119 sprawdzonych miejsc gastronomicznych zlokalizowanych\u00a0<strong>w centrum Poznania<\/strong>. Wszystkie polecane przez nas restauracje i\u00a0knajpki oferuj\u0105 nie tylko\u00a0<strong>wysok\u0105 jako\u015b\u0107 us\u0142ug<\/strong>, wyr\u00f3\u017cniaj\u0105 si\u0119 tak\u017ce szczeg\u00f3lnym,\u00a0<strong>charakterystycznym dla danego miejsca wystrojem i\u00a0klimatem<\/strong>. Urz\u0105dzone z\u00a0pomys\u0142em, prze\u015bcigaj\u0105 si\u0119 w\u00a0propozycjach\u00a0<strong>oryginalnych da\u0144<\/strong>\u00a0lub przyrz\u0105dzonej z\u00a0najwi\u0119ksz\u0105 staranno\u015bci\u0105\u00a0<strong>kuchni tradycyjnej<\/strong>, zar\u00f3wno wielkopolskiej jak i\u00a0tej rozumianej szerzej, globalnie. Zapraszamy do\u00a0przegl\u0105du miejsc, kt\u00f3re podpowiedz\u0105\u00a0<em>gdzie je\u015b\u0107 w\u00a0Poznaniu?<\/em><\/p>\n<p><strong><a href=\"http:\/\/ratuszova.pl\/\" target=\"_blank\" rel=\"noopener\"><img decoding=\"async\" class=\"alignleft\" src=\"http:\/\/visitpoznan.info\/images\/ratuszowa.jpg\" alt=\"ratuszowa\"><\/a><\/strong><strong>Restauracja Ratuszova<\/strong><br \/>\nRestauracja zaprasza w\u00a0swoje progi wszystkich, kt\u00f3rzy lubi\u0105 lub pragn\u0105 zasmakowa\u0107 tradycyjnych potrawy kuchni polskiej! Na\u00a0szczeg\u00f3ln\u0105 uwag\u0119 zas\u0142uguje czernina z\u00a0domowym makaronem, kaczka pieczona z\u00a0jab\u0142kami oraz\u00a0dania z\u00a0dziczyzny. Mi\u0142o\u015bnik\u00f3w Slow Food, pasjonat\u00f3w zdrowego od\u017cywiania oraz\u00a0wszystkich smakoszy, zainteresuj\u0105 dania gotowane innowacyjn\u0105 metod\u0105 sous-vide. Dla wi\u0119kszego urozmaicenia, menu zosta\u0142o uzupe\u0142nione smakami kuchni mi\u0119dzynarodowej.\u00a0W restauracji sezonowo zmienia si\u0119 potrawy oraz\u00a0wystr\u00f3j sal.<br \/>\n<em>Stary Rynek 55<\/em><br \/>\n<em>Tel: 61 851 05 13<strong><br \/>\n<a href=\"http:\/\/ratuszova.pl\/\" target=\"_blank\" rel=\"noopener\">http:\/\/ratuszova.pl\/<\/a><\/strong><\/em><\/p>\n<p><em><br \/>\n<\/em><a href=\"http:\/\/momo-love-at-first-bite.quandoo.pl\/\" target=\"_blank\" rel=\"noopener\"><img decoding=\"async\" class=\"alignleft\" src=\"http:\/\/visitpoznan.info\/images\/momo.png\" alt=\"momo\"><\/a><strong>MOMO\u00a0&#8211; love at first bite<\/strong><br \/>\nMOMO to tworzone codziennie dania autorskie i\u00a0nieograniczona kuchnia mi\u0119dzynarodowa. Tutaj ka\u017cdy z\u00a0kucharzy to inne d\u0142onie, inne podniebienie i\u00a0inne serce. To pasjonaci kochaj\u0105cy swoj\u0105 prac\u0119, nieskr\u0119powani narzuconymi wzorcami. Bezkompromisowo stawiaj\u0105 na\u00a0\u015bwie\u017co\u015b\u0107: tu nie ma i\u00a0nigdy nie b\u0119dzie mro\u017conych frytek czy warzyw od wielkich koncern\u00f3w. Sami przywo\u017c\u0105 jajka ze wsi i\u00a0sami rano przeczesuj\u0105 stragany targowisk. S\u0105 dumni z\u00a0\u017cywych owoc\u00f3w morza, kt\u00f3re, nie przesadzaj\u0105c, trafiaj\u0105 do\u00a0nich prosto z\u00a0Oceanu. Tak smakuje prawdziwe jedzenie!<br \/>\n<em>ul. Szewska 2<\/em><em><br \/>\nTel: 501 415 136<br \/>\n<strong><a href=\"http:\/\/momo-love-at-first-bite.quandoo.pl\/\" target=\"_blank\" rel=\"noopener\">http:\/\/momo-love-at-first-bite.quandoo.pl\/<\/a><\/strong><\/em><\/p>\n<p><a href=\"http:\/\/www.oberza.com.pl\/\" target=\"_blank\" rel=\"noopener\"><img decoding=\"async\" class=\"alignleft\" src=\"http:\/\/visitpoznan.info\/images\/oberza.jpg\" alt=\"oberza\"><\/a><\/p>\n<\/div>\n<p style=\"text-align: justify;\"><strong>Ober\u017ca pod dzwonkiem<\/strong><\/p>\n<div style=\"text-align: justify;\">\n<p>Kaczka, dziczyzna z\u00a0kurkami, pol\u0119dwiczki z\u00a0rydzami, pasztet z\u00a0\u017curawin\u0105 i\u00a0inne specja\u0142y kuchni polskiej i\u00a0wielkopolskiej przygotowane wed\u0142ug tradycyjnych receptur. Jednym s\u0142owem &#8211; kuchnia jak u mamy, przepisy jak u babci i\u00a0to zaledwie 100 m od Starego Rynku! Do\u00a0smakowitego menu nale\u017cy doda\u0107 zaciszne i\u00a0przytulne wn\u0119trza, siod\u0142a przy barze, siedziska z\u00a0beczek, mieszcza\u0144skie serwety, sto\u0142y z\u00a0desek wyszarpanych z\u0119bem czasu i\u00a0poka\u017an\u0105 kolekcj\u0119 rzeczy nikomu ju\u017c dzisiaj niepotrzebnych, lecz mi\u0142ych dla oka. Ober\u017ca pod dzwonkiem zaprasza!<br \/>\n<em><em><br \/>\nul. Garbary 54<br \/>\nTel: 061 851 99 70<br \/>\n<a href=\"http:\/\/www.oberza.com.pl\">http:\/\/www.oberza.com.pl<br \/>\n<\/a><\/em><\/em><a href=\"http:\/\/podpregierzem.pl\/\" target=\"_blank\" rel=\"noopener\"><img loading=\"lazy\" decoding=\"async\" class=\"alignleft\" src=\"http:\/\/visitpoznan.info\/images\/pod_pregierzem.png\" alt=\"pod pregierzem\" width=\"173\" height=\"53\"><\/a><strong>Pod Pr\u0119gierzem\u00a0&#8211; CAF\u00c9 AND LUNCH<\/strong><em><br \/>\n<\/em>Pod Pr\u0119gierzem znajduje si\u0119 w\u00a0zabytkowych, w\u0105skich kamieniczkach z\u00a0renesansowymi podcieniami, nazywanych tradycyjnie \u201edomkami budniczymi\". To miejsce, w\u00a0kt\u00f3rym polscy go\u015bcie oraz\u00a0zagraniczni tury\u015bci mog\u0105 poczu\u0107 smak tradycyjnej, polskiej kuchni oraz\u00a0zje\u015b\u0107 w\u00a0otoczeniu \u015bwie\u017cej zieleni. Nazwa miejsca nawi\u0105zuje do\u00a0jednego z\u00a0najbardziej charakterystycznych obiekt\u00f3w na\u00a0Rynku \u2013 zabytkowego Pr\u0119gierza z\u00a0figur\u0105 kata, kt\u00f3ry stoi kilka krok\u00f3w od wej\u015bcia!<br \/>\n<em>Stary Rynek 25\/29<\/em><em><em><br \/>\nTel: 618 550 006<br \/>\n<a href=\"http:\/\/podpregierzem.pl\/\" target=\"_blank\" rel=\"noopener\">http:\/\/podpregierzem.pl\/<\/a><\/em><\/em><a href=\"http:\/\/www.wiejskie-jadlo.pl\" target=\"_blank\" rel=\"noopener\"><img decoding=\"async\" class=\"alignleft\" src=\"http:\/\/visitpoznan.info\/images\/wiejskie_jadlo.jpg\" alt=\"wiejskie jadlo\"><\/a><strong>Wiejskie Jad\u0142o<\/strong><em><br \/>\n<\/em>Czy chcia\u0142by\u015b skorzysta\u0107 z\u00a0niepowtarzalnej okazji przeniesienia si\u0119 do\u00a0czas\u00f3w, kiedy to w\u00a0chatach na\u00a0sto\u0142y podawano prawdziwe regionalne potrawy, przyrz\u0105dzane wed\u0142ug tradycyjnych, niezmiennych od lat przepis\u00f3w pradziad\u00f3w? Teraz masz ku temu niepowtarzaln\u0105 okazj\u0119. Wystarczy, \u017ce odwiedzisz restauracj\u0119 Wiejskie Jad\u0142o. Prawdziwa polska kuchnia: kwa\u015bnica, \u017cur, barszcz, golonka, kaczka, bigos, pierogi, szare kluchy, pyry z\u00a0gzikiem \u2013 to ich specjalno\u015b\u0107!<br \/>\n<em>Stary Rynek 77<\/em><em><em><br \/>\nTel: 61 853 66 00<br \/>\n<a href=\"http:\/\/www.wiejskie-jadlo.pl\" target=\"_blank\" rel=\"noopener\">http:\/\/www.wiejskie-jadlo.pl<\/a><\/em><\/em><img decoding=\"async\" class=\"alignleft\" src=\"http:\/\/visitpoznan.info\/images\/lapupapu.jpg\" alt=\"lapupapu\"><\/p>\n<p><strong>\u0141apu Papu<\/strong><br \/>\n\u0141apu Papu to pozna\u0144ska grupa lokali gastronomicznych, stworzona by od\u015bwie\u017cy\u0107 powszednie jedzenie na\u00a0mie\u015bcie. Oferuje szybkie, niedrogie uliczne dania \u2013 zdrowiej, smaczniej i\u00a0ciekawiej.\u00a0<em>\u0141apu Papu Wings<\/em> na\u00a0Wronieckiej 18 oferuje drobiowe skrzyde\u0142ka i\u00a0wieprzowe \u017ceberka na\u00a0wag\u0119 serwowane w\u00a0ameryka\u0144skim stylu oraz\u00a0tortille wypchane wysokiej jako\u015bci mi\u0119sem ze \u015bwie\u017cymi warzywami. <em>\u0141apu Papu Burger<\/em>\u00a0to pozna\u0144ska kolebka hamburgera, legendarnego symbolu ameryka\u0144skiej kuchni. Lokal oferuje domowej jako\u015bci wo\u0142owe burgery w\u00a0kilkunastu r\u00f3\u017cnorakich ods\u0142onach. <em>\u0141apu Papu Baguette<\/em> przy ul. Kwiatowej 1, to gastronomiczna nowalijka oparta na\u00a0rodzimej ulicznej tradycji kulinarnej &#8211; zapiekance. Lokal oferuje rozmaite kompozycje kilkudziesi\u0119ciu wytrawnych i\u00a0s\u0142odkich sk\u0142adnik\u00f3w na\u00a0chrupi\u0105cych bagietkach.<em><br \/>\n\u0141apu Papu Wings, Burger &#8211;\u00a0ul. Wroniecka 18<br \/>\n\u0141apu Papu Baguette &#8211;\u00a0ul. Kwiatowa 1<br \/>\nTel: +48 61 855 24 04<br \/>\n<a href=\"http:\/\/www.lapupapu.pl\/\" target=\"_blank\" rel=\"noopener\">http:\/\/www.lapupapu.pl\/<\/a><\/em><\/p>\n<\/div>\n<p>\n<\/div><\/div><\/div><\/div><\/div><\/section><\/p>","protected":false},"excerpt":{"rendered":"","protected":false},"author":1,"featured_media":0,"parent":0,"menu_order":0,"comment_status":"closed","ping_status":"closed","template":"page-templates\/mainetemplate.php","meta":{"ngg_post_thumbnail":0,"footnotes":""},"class_list":["post-415","page","type-page","status-publish","hentry"],"_links":{"self":[{"href":"http:\/\/visitpoznan.info\/en\/wp-json\/wp\/v2\/pages\/415","targetHints":{"allow":["GET"]}}],"collection":[{"href":"http:\/\/visitpoznan.info\/en\/wp-json\/wp\/v2\/pages"}],"about":[{"href":"http:\/\/visitpoznan.info\/en\/wp-json\/wp\/v2\/types\/page"}],"author":[{"embeddable":true,"href":"http:\/\/visitpoznan.info\/en\/wp-json\/wp\/v2\/users\/1"}],"replies":[{"embeddable":true,"href":"http:\/\/visitpoznan.info\/en\/wp-json\/wp\/v2\/comments?post=415"}],"version-history":[{"count":5,"href":"http:\/\/visitpoznan.info\/en\/wp-json\/wp\/v2\/pages\/415\/revisions"}],"predecessor-version":[{"id":2164,"href":"http:\/\/visitpoznan.info\/en\/wp-json\/wp\/v2\/pages\/415\/revisions\/2164"}],"wp:attachment":[{"href":"http:\/\/visitpoznan.info\/en\/wp-json\/wp\/v2\/media?parent=415"}],"curies":[{"name":"wp","href":"https:\/\/api.w.org\/{rel}","templated":true}]}}