{"id":413,"date":"2018-03-13T13:58:37","date_gmt":"2018-03-13T12:58:37","guid":{"rendered":"http:\/\/m40.hekko24.pl\/projekty\/visitpoznan\/?page_id=413"},"modified":"2018-06-26T11:23:15","modified_gmt":"2018-06-26T09:23:15","slug":"gdzie-spac","status":"publish","type":"page","link":"http:\/\/visitpoznan.info\/en\/accommodation\/","title":{"rendered":"Gdzie spa\u0107?"},"content":{"rendered":"<section class=\"kc-elm kc-css-728294 kc_row\"><div class=\"kc-row-container  kc-container\"><div class=\"kc-wrap-columns\"><div class=\"kc-elm kc-css-306261 kc_col-sm-12 kc_column kc_col-sm-12\"><div class=\"kc-col-container\"><div class=\"kc-elm kc-css-10715 kc_text_block mytextstyle\"><\/p>\n<div>\n<p style=\"text-align: justify;\">Poni\u017cej przedstawiamy list\u0119 sprawdzonych miejsc noclegowych zlokalizowanych <strong>w centrum Poznania<\/strong>. Wszystkie polecane przez nas hostele i&nbsp;hotele oferuj\u0105 nie tylko <strong>wysok\u0105 jako\u015b\u0107 us\u0142ug<\/strong>, wyr\u00f3\u017cniaj\u0105 si\u0119 tak\u017ce szczeg\u00f3lnym, <strong>charakterystycznym dla danego miejsca klimatem<\/strong>. Wyj\u0105tkowo urz\u0105dzone i&nbsp;dobrze wyposa\u017cone, prze\u015bcigaj\u0105 si\u0119 w&nbsp;oryginalnych propozycjach <strong>dodatkowych us\u0142ug<\/strong> skierowanych do&nbsp;swoich go\u015bci. Zapraszamy do&nbsp;przegl\u0105du miejsc, kt\u00f3re podpowiedz\u0105 <em>gdzie spa\u0107 w&nbsp;Poznaniu?<\/em><\/p>\n<h4>Znajd\u017a nocleg w Poznaniu:<\/h4>\n<p><script type=\"text\/javascript\" src=\"https:\/\/skybox.eskypartners.com\/widget\/qsf\/init.js?partner_id=VISITPOZNAN&amp;services=hotels&amp;departure='poznan'\" onload=\"renderSBWidget(this)\"><\/script><\/p>\n<p style=\"text-align: justify;\"><a href=\"http:\/\/www.citysolei.pl\/\" target=\"_blank\" rel=\"noopener\"><img decoding=\"async\" class=\"alignleft\" src=\"http:\/\/visitpoznan.info\/images\/hostele\/solei.jpg\" alt=\"solei\"><\/a>City Solei Boutique Hotel<br \/>\nCity Solei Boutique Hotel jest oryginalnym butikowym obiektem oferuj\u0105cym 22 wyj\u0105tkowe pokoje, wykwintn\u0105 kuchni\u0119 City Kitchen oraz&nbsp;szerokie zaplecze konferencyjne. Ka\u017cdy pok\u00f3j City Solei Boutique Hotel jest unikatowy &#8211; zosta\u0142 zaprojektowany indywidualnie, inspirowany wp\u0142ywami kulturowymi wybranych miast. Pokoje s\u0105 klimatyzowane i&nbsp;oferuj\u0105 bezp\u0142atny dost\u0119p do&nbsp;internetu, w&nbsp;ka\u017cdym znajduje si\u0119 \u0142azienka i&nbsp;telewizor LCD z&nbsp;dost\u0119pem do&nbsp;kana\u0142\u00f3w telewizji kablowej. Wszystkie pokoje s\u0105 d\u017awi\u0119koszczelne, a&nbsp;ich obs\u0142uga dost\u0119pna jest przez ca\u0142\u0105 dob\u0119. Hotel po\u0142o\u017cony jest w&nbsp;pozna\u0144skiej dzielnicy Chwaliszewo, zaledwie 5 minut spacerem od Rynku Starego Miasta.<br \/>\n<em>ul. Wenecja\u0144ska 10<\/em><br \/>\n<em>tel.: 512 368 818<\/em><br \/>\n<em><a href=\"http:\/\/www.citysolei.pl\/\" target=\"_blank\" rel=\"noopener\">http:\/\/www.citysolei.pl\/<\/a><\/em><\/p>\n<p style=\"text-align: justify;\"><a href=\"http:\/\/hillhostel.pl\/\" target=\"_blank\" rel=\"noopener\"><img decoding=\"async\" class=\"alignleft\" src=\"http:\/\/visitpoznan.info\/images\/hostele\/hill.jpg\" alt=\"hill\"><\/a><strong>Hill Hostel<\/strong><\/p>\n<\/div>\n<p style=\"text-align: justify;\">Mie\u015bci si\u0119 w&nbsp;eleganckiej kamienicy z&nbsp;XIX wieku, zaledwie 100 metr\u00f3w od Starego Rynku. Oferuje wygodne pokoje z&nbsp;bezp\u0142atnym bezprzewodowym dost\u0119pem do&nbsp;Internetu. Go\u015bcie maj\u0105 dost\u0119p do&nbsp;wsp\u00f3lnego salonu z&nbsp;w&nbsp;pe\u0142ni wyposa\u017conym aneksem kuchennym, w&nbsp;kt\u00f3rym mog\u0105 samodzielnie przygotowywa\u0107 posi\u0142ki lub zje\u015b\u0107 \u015bniadanie w&nbsp;formie bufetu. Dost\u0119pna jest tu tak\u017ce bezp\u0142atna kawa i&nbsp;herbata. Go\u015bcie mog\u0105 tak\u017ce korzysta\u0107 z&nbsp;patio i&nbsp;tarasu, z&nbsp;kt\u00f3rego roztacza si\u0119 widok na&nbsp;Stare Miasto.<\/p>\n<p style=\"text-align: justify;\"><em>ul. Zamkowa 1\/2<\/em><br \/>\n<em>Tel: +48 61 853 09 10, +48 881 795 695<\/em><br \/>\n<a href=\"http:\/\/hillhostel.pl\/\" target=\"_blank\" rel=\"noopener\"><em>http:\/\/hillhostel.pl\/<\/em><\/a><\/p>\n<p style=\"text-align: justify;\"><a href=\"http:\/\/hostel.poco-loco.pl\/\" target=\"_blank\" rel=\"noopener\"><img decoding=\"async\" class=\"alignleft\" src=\"http:\/\/visitpoznan.info\/images\/hostele\/pocoloco.jpg\" alt=\"pocoloco\"><\/a><strong>Poco Loco<\/strong><\/p>\n<p style=\"text-align: justify;\">Hostel stworzony przez podr\u00f3\u017cnik\u00f3w. Opr\u00f3cz doskona\u0142ej lokalizacji oferuje tanie noclegi, szybki internet, rowery, prywatny parking. Tu poznasz ludzi z&nbsp;ca\u0142ego \u015bwiata, a&nbsp;jednocze\u015bnie poczujesz si\u0119 jak we w\u0142asnym domu. Ponadto w&nbsp;ofercie darmowe pyszne \u015bniadania w&nbsp;formie bufetu, darmowa herbata i&nbsp;kawa non stop czy jedyna w&nbsp;Poznaniu biblioteka ksi\u0105\u017cek g\u00f3rskich i&nbsp;podr\u00f3\u017cniczych z&nbsp;kilkoma &#8220;bia\u0142ymi krukami\".<\/p>\n<div style=\"text-align: justify;\"><em>ul. Taczaka 23<br \/>\n<\/em><em>Tel: +48 61 88 33 470, +48 796 230 555<\/em><\/div>\n<div style=\"text-align: justify;\">\n<p><em><a href=\"http:\/\/hostel.poco-loco.pl\/\">http:\/\/hostel.poco-loco.pl\/<\/a><\/em><\/p>\n<p><a href=\"http:\/\/www.frolicgoatshostel.com\/\" target=\"_blank\" rel=\"noopener\"><img decoding=\"async\" class=\"alignleft\" src=\"http:\/\/visitpoznan.info\/images\/hostele\/frolik.jpg\" alt=\"frolik\"><\/a><strong>Frolic Goats<\/strong><\/p>\n<\/div>\n<div>\n<p style=\"text-align: justify;\">Hostel powsta\u0142 w&nbsp;2007 roku jako pierwszy ca\u0142oroczny hostel w&nbsp;Poznaniu. Przez cztery kolejne lata, goszcz\u0105c backpackers\u00f3w z&nbsp;ca\u0142ego \u015bwiata doskonalili\u015bmy nasz\u0105 ofert\u0119 i&nbsp;us\u0142ugi, by jak najlepiej wpisa\u0107 si\u0119 w&nbsp;wymagania naszych go\u015bci. W&nbsp;chwili obecnej mamy do&nbsp;zaoferowania 55 miejsc noclegowych w&nbsp;obiekcie po\u0142o\u017conym w&nbsp;\u015bcis\u0142ym centrum miasta.<em><br \/>\nul. Wroc\u0142awska 16\/6 (wej\u015bcie od ul. Jask\u00f3\u0142czej)<br \/>\nTel: +48 61 852 44 11<br \/>\n<a href=\"http:\/\/www.frolicgoatshostel.com\/\" target=\"_blank\" rel=\"noopener\">http:\/\/www.frolicgoatshostel.com\/<\/a><\/em><\/p>\n<p style=\"text-align: justify;\"><a href=\"http:\/\/tey-hostel.pl\/\" target=\"_blank\" rel=\"noopener\"><img decoding=\"async\" class=\"alignleft\" src=\"http:\/\/visitpoznan.info\/images\/hostele\/tey.jpg\" alt=\"tey\"><\/a><strong>Tey<\/strong><br \/>\nJe\u015bli szukasz oryginalnego i&nbsp;stylowego miejsca na&nbsp;nocleg w&nbsp;\u015bcis\u0142ym centrum Poznania, to Hostel Tey b\u0119dzie doskona\u0142ym wyborem! Czekaja tu na&nbsp;Was pi\u0119knie urz\u0105dzone pokoje, jasna kuchnia z&nbsp;aromatyczn\u0105 kaw\u0105, a&nbsp;w lobby wiklinowe kanapy i&nbsp;fotele zach\u0119caj\u0105ce do&nbsp;relaksu. W&nbsp;hostelu panuje fantastyczna atmosfera, a&nbsp;dodatkowego uroku nadaje mu klimat ulicy \u015awi\u0119tos\u0142awskiej, przy kt\u00f3rej si\u0119 znajduje \u2013 jednej z&nbsp;najpi\u0119kniejszych uliczek na&nbsp;Starym Mie\u015bcie.<br \/>\n<em>ul. \u015awi\u0119tos\u0142awska 12<\/em><br \/>\n<em>Tel: +48 61 639 34 97, +48 730 692 278<\/em><br \/>\n<em><a href=\"http:\/\/tey-hostel.pl\/\" target=\"_blank\" rel=\"noopener\">http:\/\/tey-hostel.pl\/<\/a><\/em><\/p>\n<p style=\"text-align: justify;\"><a href=\"http:\/\/www.art-hostel.com.pl\/\" target=\"_blank\" rel=\"noopener\"><img loading=\"lazy\" decoding=\"async\" class=\"alignleft\" src=\"http:\/\/visitpoznan.info\/images\/hostele\/art_hostel.jpg\" alt=\"art hostel\" width=\"140\" height=\"147\"><\/a><strong>ART Hostel<\/strong><br \/>\nART Hostel zlokalizowany w&nbsp;\u015bcis\u0142ym centrum Poznania, oferuje ponad 100 miejsc noclegowych. Baza noclegowa przygotowana zosta\u0142a zar\u00f3wno z&nbsp;my\u015bl\u0105 o&nbsp;klientach indywidualnych, jak r\u00f3wnie\u017c zorganizowanych grupach. Pokoje wyposa\u017cone s\u0105 w&nbsp;po\u015bciel, szafki zamykane na&nbsp;kluczyk i&nbsp;bezp\u0142atny, bezprzewodowy Internet. W&nbsp;pokojach jednoosobowych i&nbsp;dwuosobowych dodatkowo TV i&nbsp;r\u0119czniki. Ponadto do&nbsp;dyspozycji go\u015bci ca\u0142odobowa recepcja z&nbsp;depozytem baga\u017cowym, jadalnia z&nbsp;kaw\u0105, herbat\u0105 oraz&nbsp;chill roomem z&nbsp;pi\u0142karzykami, lotkami i&nbsp;TV.<br \/>\n<em>ul. Miel\u017cy\u0144skiego 23<\/em><br \/>\n<em>Tel: 600 299 511 \/ 616 393 821<\/em><br \/>\n<a href=\"http:\/\/www.art-hostel.com.pl\/\" target=\"_blank\" rel=\"noopener\"><em>http:\/\/www.art-hostel.com.pl\/<\/em><\/a><\/p>\n<p style=\"text-align: justify;\"><a href=\"http:\/\/www.dobranochostel.pl\/\" target=\"_blank\" rel=\"noopener\"><img decoding=\"async\" class=\"alignleft\" src=\"http:\/\/visitpoznan.info\/images\/hostele\/dobranoc.jpg\" alt=\"dobranoc\"><\/a><strong>Dobranoc<\/strong><br \/>\nHostel po\u0142o\u017cony w&nbsp;samym sercu miasta, 400 metr\u00f3w od Starego Rynku. Ale ten hostel to nie tylko noclegi. Oferuje miejsce o&nbsp;niepowtarzalnym charakterze, utrzymane w&nbsp;duchu art. Ma designerki charakter, a&nbsp;ka\u017cdy pok\u00f3j stanowi indywidualny projekt artystyczny. Prezentuje przestrze\u0144 pe\u0142n\u0105 magii i&nbsp;artyzmu. Sam oce\u0144 efekt i&nbsp;ju\u017c teraz wybierz najciekawszy i&nbsp;najnowszy w&nbsp;Poznaniu hostel.<br \/>\n<em>ul. Strzelecka 20<\/em><br \/>\n<em>Tel: +48 61 639 30 49, +48 663 115 773<\/em><br \/>\n<em><a href=\"http:\/\/www.dobranochostel.pl\/\" target=\"_blank\" rel=\"noopener\">http:\/\/www.dobranochostel.pl\/<\/a><\/em><\/p>\n<\/div>\n<p>\n<\/div><\/div><\/div><\/div><\/div><\/section>\n","protected":false},"excerpt":{"rendered":"","protected":false},"author":1,"featured_media":0,"parent":0,"menu_order":0,"comment_status":"closed","ping_status":"closed","template":"page-templates\/mainetemplate.php","meta":{"ngg_post_thumbnail":0,"footnotes":""},"class_list":["post-413","page","type-page","status-publish","hentry"],"_links":{"self":[{"href":"http:\/\/visitpoznan.info\/en\/wp-json\/wp\/v2\/pages\/413","targetHints":{"allow":["GET"]}}],"collection":[{"href":"http:\/\/visitpoznan.info\/en\/wp-json\/wp\/v2\/pages"}],"about":[{"href":"http:\/\/visitpoznan.info\/en\/wp-json\/wp\/v2\/types\/page"}],"author":[{"embeddable":true,"href":"http:\/\/visitpoznan.info\/en\/wp-json\/wp\/v2\/users\/1"}],"replies":[{"embeddable":true,"href":"http:\/\/visitpoznan.info\/en\/wp-json\/wp\/v2\/comments?post=413"}],"version-history":[{"count":6,"href":"http:\/\/visitpoznan.info\/en\/wp-json\/wp\/v2\/pages\/413\/revisions"}],"predecessor-version":[{"id":1688,"href":"http:\/\/visitpoznan.info\/en\/wp-json\/wp\/v2\/pages\/413\/revisions\/1688"}],"wp:attachment":[{"href":"http:\/\/visitpoznan.info\/en\/wp-json\/wp\/v2\/media?parent=413"}],"curies":[{"name":"wp","href":"https:\/\/api.w.org\/{rel}","templated":true}]}}