{"id":391,"date":"2018-03-13T13:32:49","date_gmt":"2018-03-13T12:32:49","guid":{"rendered":"http:\/\/m40.hekko24.pl\/projekty\/visitpoznan\/?page_id=391"},"modified":"2018-07-09T13:58:56","modified_gmt":"2018-07-09T11:58:56","slug":"okolice-poznania","status":"publish","type":"page","link":"http:\/\/visitpoznan.info\/en\/offer\/tours-walks\/around-poznan\/","title":{"rendered":"AROUND POZNA\u0143"},"content":{"rendered":"<p><section class=\"kc-elm kc-css-774490 kc_row\"><div class=\"kc-row-container  kc-container\"><div class=\"kc-wrap-columns\"><div class=\"kc-elm kc-css-192033 kc_col-sm-12 kc_column kc_col-sm-12\"><div class=\"kc-col-container\"><div class=\"kc-elm kc-css-98672 kc_text_block mytextstyle\"><\/p>\n<p>\n<strong>Residences around Pozna\u0144 (5h)<\/strong><br \/>\n\u2022 K\u00f3rnik Castle (and optionally also the Arboretum)<br \/>\n\u2022 Rogalin Palace and also the Palace Park with the largest oak habitat in Poland<br \/>\n\u2022 Manor House in Koszuty<\/p>\n<p><strong>Wooden building treasures of Wielkopolska (7h)<\/strong><br \/>\nWielkopolska has a number of wooden churches of the XVI \u2013 XVII centuries that have survived to this day. Due to the EU Programme many of them are being restored to their greatness.<br \/>\n\u2022 Kicin \u2013 where Jan Kochanowski was once the nominal parish priest<br \/>\n\u2022 Wierzenica \u2013 with the mausoleum of the Cieszkowski family<br \/>\n\u2022 Entrance to the panoramic tower on Dziewicza G\u00f3ra<br \/>\n\u2022 We\u0142na \u2013 church with Saturdays and folk oil paintings<br \/>\n\u2022 S\u0142opanowo \u2013 the penalty of a\u00a0barman who does not pour a\u00a0full mug of the beer&#8230;<\/p>\n<p><strong>Wielkopolska National Park (7-8h)<\/strong><br \/>\n\u2022 Puszczykowo \u2013 Museum of the travels of Arkady Fiedler<br \/>\n\u2022 Lake G\u00f3reckie \u2013 the most beautiful in the Park<br \/>\n\u2022 Picnic in the Warta Valley<br \/>\n\u2022 Natural History Museum in Jeziory or the Museum of Agriculture and the Food Production Industry in Szreniawia<br \/>\n\u2022 Bierbaum panoramic tower<\/p>\n<p>*It is possible to travel with a steam-engine train at the request of the group, please contact us for more details.<\/p>\n<p>\n<\/div><div id=\"img3\" class=\"kc-elm kc-css-917165 kc_row kc_row_inner\"><div class=\"kc-elm kc-css-406794 kc_col-sm-4 kc_column_inner kc_col-sm-4\"><div class=\"kc_wrapper kc-col-inner-container\"><div class=\"kc-elm kc-css-773714 kc_shortcode kc_single_image\">\n\n        <img decoding=\"async\" src=\"http:\/\/visitpoznan.info\/wp-content\/uploads\/2018\/04\/IMG_7902.jpg\" class=\"\" alt=\"\" \/>    \t    <p class=\"scapt\">makieta Ostrowa Tumskiego<\/p>\n\t    <\/div>\n<\/div><\/div><div class=\"kc-elm kc-css-419136 kc_col-sm-4 kc_column_inner kc_col-sm-4\"><div class=\"kc_wrapper kc-col-inner-container\"><div class=\"kc-elm kc-css-321396 kc_shortcode kc_single_image\">\n\n        <img decoding=\"async\" src=\"http:\/\/visitpoznan.info\/wp-content\/uploads\/2018\/04\/IMG_9895.jpg\" class=\"\" alt=\"\" \/>    \t    <p class=\"scapt\">Ratusz i s\u0142ynne domki budnicze<\/p>\n\t    <\/div>\n<\/div><\/div><div class=\"kc-elm kc-css-455318 kc_col-sm-4 kc_column_inner kc_col-sm-4\"><div class=\"kc_wrapper kc-col-inner-container\"><div class=\"kc-elm kc-css-134760 kc_shortcode kc_single_image\">\n\n        <img decoding=\"async\" src=\"http:\/\/visitpoznan.info\/wp-content\/uploads\/2018\/05\/nowe-090.jpg\" class=\"\" alt=\"\" \/>    \t    <p class=\"scapt\">ko\u015bci\u00f3\u0142 farny<\/p>\n\t    <\/div>\n<\/div><\/div><\/div><\/div><\/div><\/div><\/div><\/section><\/p>","protected":false},"excerpt":{"rendered":"","protected":false},"author":1,"featured_media":0,"parent":263,"menu_order":0,"comment_status":"closed","ping_status":"closed","template":"page-templates\/mainetemplate.php","meta":{"ngg_post_thumbnail":0,"footnotes":""},"class_list":["post-391","page","type-page","status-publish","hentry"],"_links":{"self":[{"href":"http:\/\/visitpoznan.info\/en\/wp-json\/wp\/v2\/pages\/391","targetHints":{"allow":["GET"]}}],"collection":[{"href":"http:\/\/visitpoznan.info\/en\/wp-json\/wp\/v2\/pages"}],"about":[{"href":"http:\/\/visitpoznan.info\/en\/wp-json\/wp\/v2\/types\/page"}],"author":[{"embeddable":true,"href":"http:\/\/visitpoznan.info\/en\/wp-json\/wp\/v2\/users\/1"}],"replies":[{"embeddable":true,"href":"http:\/\/visitpoznan.info\/en\/wp-json\/wp\/v2\/comments?post=391"}],"version-history":[{"count":2,"href":"http:\/\/visitpoznan.info\/en\/wp-json\/wp\/v2\/pages\/391\/revisions"}],"predecessor-version":[{"id":1719,"href":"http:\/\/visitpoznan.info\/en\/wp-json\/wp\/v2\/pages\/391\/revisions\/1719"}],"up":[{"embeddable":true,"href":"http:\/\/visitpoznan.info\/en\/wp-json\/wp\/v2\/pages\/263"}],"wp:attachment":[{"href":"http:\/\/visitpoznan.info\/en\/wp-json\/wp\/v2\/media?parent=391"}],"curies":[{"name":"wp","href":"https:\/\/api.w.org\/{rel}","templated":true}]}}