{"id":389,"date":"2018-03-13T13:32:16","date_gmt":"2018-03-13T12:32:16","guid":{"rendered":"http:\/\/m40.hekko24.pl\/projekty\/visitpoznan\/?page_id=389"},"modified":"2018-07-09T13:57:24","modified_gmt":"2018-07-09T11:57:24","slug":"poznan-noca","status":"publish","type":"page","link":"http:\/\/visitpoznan.info\/en\/offer\/tours-walks\/poznan-by-night\/","title":{"rendered":"POZNA\u0143 BY NIGHT"},"content":{"rendered":"<p><section class=\"kc-elm kc-css-425913 kc_row\"><div class=\"kc-row-container  kc-container\"><div class=\"kc-wrap-columns\"><div class=\"kc-elm kc-css-144227 kc_col-sm-12 kc_column kc_col-sm-12\"><div class=\"kc-col-container\"><div class=\"kc-elm kc-css-706598 kc_text_block mytextstyle\"><\/p>\n<p>\nTour Poznan by night is a completely new esthetic experience even for those who have already visited the city! Some of our monuments seem to be created for exposition in the warm even light in the overwhelming darkness of the night. All of them show a different fa\u00e7ade at night time, which is perfect for thematic sightseeing, for example <strong>criminal Poznan<\/strong> or <strong>Poznan beer traditions<\/strong>.<\/p>\n<p><strong>Pozna\u0144 by night (approx. 2h)<\/strong><br \/>\n\u2022 Ostr\u00f3w Tumski: Cathedral, Psalterium, Jordan&#039;s Bridge<br \/>\n\u2022 Old Market: renaissance City Hall, little houses, whipping post, chosen tenement houses, Bamberg Woman\u2019s Well, City Weighing Scale, City Guard building, Dzia\u0142y\u0144ski Palace<br \/>\n\u2022 Former Jesuit College with Parish Church \u2013 a\u00a0pearl of the baroque<br \/>\n\u2022 Freedom Square, Bazar, Raczy\u0144ski Library, National Museum<br \/>\n\u2022 Former Imperial Quarter with the Imperial Palace , Opera House, Adam Mickiewicz University and Mickiewicz Square<br \/>\nIf you chose a themed sight-seeing tour, f.ex. Criminal Poznan or Poznan beer traditions, the guide will include additional elements into sightseeing. In that case the length of the tour can be extended.<br \/>\nPlease <strong>contact us<\/strong> to find out the offer details.<\/p>\n<p>\n<\/div><div id=\"img3\" class=\"kc-elm kc-css-838144 kc_row kc_row_inner\"><div class=\"kc-elm kc-css-585817 kc_col-sm-4 kc_column_inner kc_col-sm-4\"><div class=\"kc_wrapper kc-col-inner-container\"><div class=\"kc-elm kc-css-165534 kc_shortcode kc_single_image\">\n\n        <img decoding=\"async\" src=\"http:\/\/visitpoznan.info\/wp-content\/uploads\/2018\/04\/IMG_7902.jpg\" class=\"\" alt=\"\" \/>    \t    <p class=\"scapt\">makieta Ostrowa Tumskiego<\/p>\n\t    <\/div>\n<\/div><\/div><div class=\"kc-elm kc-css-742813 kc_col-sm-4 kc_column_inner kc_col-sm-4\"><div class=\"kc_wrapper kc-col-inner-container\"><div class=\"kc-elm kc-css-831754 kc_shortcode kc_single_image\">\n\n        <img decoding=\"async\" src=\"http:\/\/visitpoznan.info\/wp-content\/uploads\/2018\/04\/IMG_9895.jpg\" class=\"\" alt=\"\" \/>    \t    <p class=\"scapt\">Ratusz i s\u0142ynne domki budnicze<\/p>\n\t    <\/div>\n<\/div><\/div><div class=\"kc-elm kc-css-529877 kc_col-sm-4 kc_column_inner kc_col-sm-4\"><div class=\"kc_wrapper kc-col-inner-container\"><div class=\"kc-elm kc-css-339328 kc_shortcode kc_single_image\">\n\n        <img decoding=\"async\" src=\"http:\/\/visitpoznan.info\/wp-content\/uploads\/2018\/05\/nowe-090.jpg\" class=\"\" alt=\"\" \/>    \t    <p class=\"scapt\">ko\u015bci\u00f3\u0142 farny<\/p>\n\t    <\/div>\n<\/div><\/div><\/div><\/div><\/div><\/div><\/div><\/section><\/p>","protected":false},"excerpt":{"rendered":"","protected":false},"author":1,"featured_media":0,"parent":263,"menu_order":0,"comment_status":"closed","ping_status":"closed","template":"page-templates\/mainetemplate.php","meta":{"ngg_post_thumbnail":0,"footnotes":""},"class_list":["post-389","page","type-page","status-publish","hentry"],"_links":{"self":[{"href":"http:\/\/visitpoznan.info\/en\/wp-json\/wp\/v2\/pages\/389","targetHints":{"allow":["GET"]}}],"collection":[{"href":"http:\/\/visitpoznan.info\/en\/wp-json\/wp\/v2\/pages"}],"about":[{"href":"http:\/\/visitpoznan.info\/en\/wp-json\/wp\/v2\/types\/page"}],"author":[{"embeddable":true,"href":"http:\/\/visitpoznan.info\/en\/wp-json\/wp\/v2\/users\/1"}],"replies":[{"embeddable":true,"href":"http:\/\/visitpoznan.info\/en\/wp-json\/wp\/v2\/comments?post=389"}],"version-history":[{"count":2,"href":"http:\/\/visitpoznan.info\/en\/wp-json\/wp\/v2\/pages\/389\/revisions"}],"predecessor-version":[{"id":1718,"href":"http:\/\/visitpoznan.info\/en\/wp-json\/wp\/v2\/pages\/389\/revisions\/1718"}],"up":[{"embeddable":true,"href":"http:\/\/visitpoznan.info\/en\/wp-json\/wp\/v2\/pages\/263"}],"wp:attachment":[{"href":"http:\/\/visitpoznan.info\/en\/wp-json\/wp\/v2\/media?parent=389"}],"curies":[{"name":"wp","href":"https:\/\/api.w.org\/{rel}","templated":true}]}}