{"id":385,"date":"2018-03-13T13:30:52","date_gmt":"2018-03-13T12:30:52","guid":{"rendered":"http:\/\/m40.hekko24.pl\/projekty\/visitpoznan\/?page_id=385"},"modified":"2018-09-05T13:51:52","modified_gmt":"2018-09-05T11:51:52","slug":"poznan-dla-pielgrzyma","status":"publish","type":"page","link":"http:\/\/visitpoznan.info\/en\/offer\/tours-walks\/poznan-for-pilgrims\/","title":{"rendered":"POZNA\u0143 FOR PILGRIMS"},"content":{"rendered":"<p><section class=\"kc-elm kc-css-977620 kc_row\"><div class=\"kc-row-container  kc-container\"><div class=\"kc-wrap-columns\"><div class=\"kc-elm kc-css-498694 kc_col-sm-12 kc_column kc_col-sm-12\"><div class=\"kc-col-container\"><div class=\"kc-elm kc-css-483936 kc_text_block mytextstyle\"><\/p>\n<p><strong>Pozna\u0144 sanctuaries route (5h):<\/strong><br \/>\n\u2022 Cathedral: Sanctuary of the Holy Cross; the oldest Episcopal residence; the burial place of the first rulers of Poland, the Golden Chapel, the Sword of St Peter;<br \/>\n\u2022 Corpus Christi Church \u2013 Corpus Christi Sanctuary, Church founded by King W\u0142adys\u0142aw Jagie\u0142\u0142o;<br \/>\n\u2022 Pozna\u0144 Parish Church: Sanctuary of the Blessed Mary of Unceasing Assistance, the most beautiful Polish Baroque-style church;<br \/>\n\u2022 Church of the Sanctuary of the Most Sacred Blood of the Son of God; visited together with the miraculous well.<br \/>\n\u2022 Church of the Conventual Franciscans (on Przemysl Hill) &#8211; Sanctuary of the Miraculous Mary Mother of God &#8211; the Lady of Pozna\u0144; the beloved church of Poznanians, where residents to this day bring their problems to the Mother of God.<br \/>\n\u2022 Chapel of Mary Mother of God of Lourdes &#8211; by the Church of Saint Martin, which miraculously avoided destruction in the 1970s.<\/p>\n<p>NB: we picked the destinations keeping their charm and historic importance in mind; if you are interested in other sanctuaries or shrines (full list of Poznanian sanctuaries and shrines below), we will chose a\u00a0route to accommodate your requirements. We adapt the program to your expectations without extra charge. Please contact us for this purpose.<\/p>\n<p><strong>Full list of Pozna\u0144 sanctuaries on the basis of the Pozna\u0144 Archdiocese Register:<\/strong><br \/>\n\u2022 Cathedral: Sanctuary of the Holy Cross<br \/>\n\u2022 Church of the Mercy of God \u2013 Sanctuary of the Mercy of God<br \/>\n\u2022 Church of Corpus Christi &#8211; founded personally by King W\u0142adys\u0142aw Jagie\u0142\u0142o as a\u00a0an offering following the sacrilege to the host by the Jews<br \/>\n\u2022 Church of the Most Sacred Blood of the Lord Jesus &#8211; visited together with the famous miraculous well.<br \/>\n\u2022 Church of the Transfiguration of the Lord \u2013 Sanctuary of the Transfiguration of the Lord<br \/>\n\u2022 Pozna\u0144 Parish Church: Marian Sanctuary of Blessed Mary of Unceasing Assistance<br \/>\n\u2022 Church of the Conventual Franciscans &#8211; Sanctuary of the Miraculous Mary Mother of God Lady of Pozna\u0144<br \/>\n\u2022 Church of the Jesuits \u2013 Sanctuary of Mary Mother of God of the Rosary<br \/>\n\u2022 The Barefoot Carmelites \u2013 Sanctuary of Saint Joseph the Betrothed<br \/>\n\u2022 Church of Saint Roch \u2013 Sanctuary of the Blessed Sancja Szymkowiak<\/p>\n<p><strong>The most beautiful churches in Pozna\u0144 (4h):<\/strong><br \/>\n\u2022 The Cathedral (with the X century crypt): Sanctuary of the Holy Cross; seat of the first Polish bishop, burial place of the First Piasts, probably where Poland accepted Christianity, the Golden Chapel, the sword of Saint Peter, the Royal Chapel<br \/>\n\u2022 Churches of All Saints and Mary the Queen \u2013 examples of conversion of Protestant churches into Catholic churches, witnesses of the religious history of Wielkopolska<br \/>\n\u2022 Pozna\u0144 Parish Church \u2013 the most beautiful Polish baroque church, in 2010 granted the title of Lesser Basilica, a\u00a0moment of reverie in the Chapel of Eternal Adoration<br \/>\n\u2022 Church of the Franciscans on Przemys\u0142&#039;s Hill \u2013 sanctuary of the Miraculous Mary Mother of God \u2013 Lady of Pozna\u0144, masterpiece of carving and painting of the Swach\u00f3w brothers, beloved church of Poznanians, where the people of the city come to place their problems in the hands of the Mother of God<br \/>\n\u2022 Church of Saint Wojciech \u2013 according to tradition the church is built where the saint preached his sermon. It is a splendid Gothic church, with contemporary polychromes created by Wyspia\u0144ski and Mechoffer.<\/p>\n<p><strong>The place, where it all began (2.5h):<\/strong><br \/>\nOn Ostr\u00f3w Tumski the history of Pozna\u0144 began, also probably the whole history of Poland, and certainly the history of the Catholic Church in Poland. We invite you to stroll along the streets of this delightful part of Pozna\u0144, during which we shall visit the place where the first palace of the Piasts stood and the first Christian chapel in Poland, two seminaries, the faculty of theology and also the Archbishop&#039;s Palace, and specifically we shall visit:<br \/>\n\u2022 the Cathedral<br \/>\n\u2022 the Archdiocese Museum<br \/>\n\u2022 the Church of Saint Margaret<\/p>\n<p>\n<\/div><\/div><\/div><\/div><\/div><\/section><section id=\"img3\" class=\"kc-elm kc-css-822020 kc_row\"><div class=\"kc-row-container  kc-container\"><div class=\"kc-wrap-columns\"><div class=\"kc-elm kc-css-648629 kc_col-sm-4 kc_column kc_col-sm-4\"><div class=\"kc-col-container\"><div class=\"kc-elm kc-css-898238 kc_shortcode kc_single_image\">\n\n        <img decoding=\"async\" src=\"http:\/\/visitpoznan.info\/wp-content\/uploads\/2018\/04\/IMG_7902.jpg\" class=\"\" alt=\"\" \/>    \t    <p class=\"scapt\">Poznan<\/p>\n\t    <\/div>\n<\/div><\/div><div class=\"kc-elm kc-css-119515 kc_col-sm-4 kc_column kc_col-sm-4\"><div class=\"kc-col-container\"><div class=\"kc-elm kc-css-159566 kc_shortcode kc_single_image\">\n\n        <img decoding=\"async\" src=\"http:\/\/visitpoznan.info\/wp-content\/uploads\/2018\/04\/IMG_7902.jpg\" class=\"\" alt=\"\" \/>    \t    <p class=\"scapt\">Poznan<\/p>\n\t    <\/div>\n<\/div><\/div><div class=\"kc-elm kc-css-324302 kc_col-sm-4 kc_column kc_col-sm-4\"><div class=\"kc-col-container\"><div class=\"kc-elm kc-css-789828 kc_shortcode kc_single_image\">\n\n        <img decoding=\"async\" src=\"http:\/\/visitpoznan.info\/wp-content\/uploads\/2018\/04\/IMG_7902.jpg\" class=\"\" alt=\"\" \/>    \t    <p class=\"scapt\">Poznan<\/p>\n\t    <\/div>\n<\/div><\/div><\/div><\/div><\/section><section class=\"kc-elm kc-css-941781 kc_row\"><div class=\"kc-row-container  kc-container\"><div class=\"kc-wrap-columns\"><div class=\"kc-elm kc-css-845411 kc_col-sm-12 kc_column kc_col-sm-12\"><div class=\"kc-col-container\"><div class=\"kc-elm kc-css-544808 kc_text_block mytextstyle\"><\/p>\n<p><strong>The Sacred Hill (2-3h):<\/strong><br \/>\nAccording to tradition Saint Wojciech preached on this hill, this is where the hill\u2019s name comes from. So it is no surprise that to this day it is a\u00a0place with a\u00a0certain aura and tranquillity, in which sometimes you can even feel the presence of those times and those splendid people. It is here that those who have distinguished themselves in the service of Pozna\u0144, Wielkopolska and Poland are buried. During the visit you will see:<br \/>\n\u2022 the Church of Saint Wojciech with the Crypt of Distinguished Wielkopolans<br \/>\n\u2022 the Church of Saint Joseph (Barefoot Carmelites)<br \/>\n\u2022 the Cemetery of Distinguished Wielkopolans<\/p>\n<p><strong>Footsteps of Poznanian religious orders (4h):<\/strong><br \/>\n\u2022 the Jesuits \u2013 former building (\u015awi\u0119tos\u0142awska street) and the covent\u2019s current location (Dominika\u0144ska street)<br \/>\n\u2022 the Dominicans \u2013 former building (ul. Dominika\u0144ska) and the covent\u2019s current location (al. Niepodleg\u0142o\u015bci)<br \/>\n\u2022 the Franciscans \u2013 building of the Franciscan Observers (Bernardy\u0144ski Square) and the Conventual Franciscans (Przemysl Hill)<br \/>\n\u2022 the Barefoot Carmelites \u2013 mastery on monastery on Saint Wojciech&#039;s Hill<br \/>\n\u2022 the Salesians \u2013 Church of the Most Holy Virgin Mary of Assistance to the Faithful<br \/>\n\u2022 the Sisters of Mercy of Saint Vincent de Paul \u2013 Church of Transfiguration<\/p>\n<p>Please note: the above selection has been made with regard to the charm and historical significance of particular churches; should you be interested in other churches connected with religious orders (the full list of Poznanian monasteries is below), we shall select a\u00a0route to suit your preference. We adjust the program to your wishes and it is priced with no extra charge. Please contact us to discuss preferences.<\/p>\n<p>If you have more time:<br \/>\n\u2022 Jesuits \u2013 former building (\u015awi\u0119tos\u0142awska street) and their current location (Dominika\u0144ska street)<br \/>\n\u2022 Dominicans \u2013 former building (Dominika\u0144ska street) and their current location (Niepodleg\u0142o\u015bci Avenue)<br \/>\n\u2022 Franciscans \u2013 building of the Franciscan Observers (Bernardy\u0144ski Square) and the Conventual Franciscans (Saint Wojciech&#039;s Hill)<br \/>\n\u2022 Barefoot Carmelites \u2013monastery on Saint Wojciech&#039;s Hill<br \/>\n\u2022 Oblates \u2013 Church of Christ the King<br \/>\n\u2022 Salesians\u2013 Church of Jana Bosko and church of the Most Holy Virgin Mary of Assistance to the Faithful<br \/>\n\u2022 the Philippine Brothers \u2013 Church of the Most Holy Virgin Mary Mother of the Church (\u015awierczewo)<br \/>\n\u2022 the Sisters of Mercy of St Vincent de Paul \u2013 Church of the Transfiguration<br \/>\n\u2022 the Pallottines \u2013 Church of Saint Lawrence<br \/>\n\u2022 the Resurrectionists \u2013 Church of the Resurrection of the Lord, D\u0105br\u00f3wki street<br \/>\n\u2022 the Order of Christ \u2013 Church of the Virgin Mary<br \/>\n\u2022 Missionary Priests of the Holy Family \u2013 Ma\u0142oszy\u0144ska street<\/p>\n<p>\n<\/div><\/div><\/div><\/div><\/div><\/section><section id=\"img3\" class=\"kc-elm kc-css-48399 kc_row\"><div class=\"kc-row-container  kc-container\"><div class=\"kc-wrap-columns\"><div class=\"kc-elm kc-css-617703 kc_col-sm-4 kc_column kc_col-sm-4\"><div class=\"kc-col-container\"><div class=\"kc-elm kc-css-131649 kc_shortcode kc_single_image\">\n\n        <img decoding=\"async\" src=\"http:\/\/visitpoznan.info\/wp-content\/uploads\/2018\/04\/IMG_7902.jpg\" class=\"\" alt=\"\" \/>    \t    <p class=\"scapt\">Poznan<\/p>\n\t    <\/div>\n<\/div><\/div><div class=\"kc-elm kc-css-195301 kc_col-sm-4 kc_column kc_col-sm-4\"><div class=\"kc-col-container\"><div class=\"kc-elm kc-css-507994 kc_shortcode kc_single_image\">\n\n        <img decoding=\"async\" src=\"http:\/\/visitpoznan.info\/wp-content\/uploads\/2018\/04\/IMG_7902.jpg\" class=\"\" alt=\"\" \/>    \t    <p class=\"scapt\">Poznan<\/p>\n\t    <\/div>\n<\/div><\/div><div class=\"kc-elm kc-css-490165 kc_col-sm-4 kc_column kc_col-sm-4\"><div class=\"kc-col-container\"><div class=\"kc-elm kc-css-514666 kc_shortcode kc_single_image\">\n\n        <img decoding=\"async\" src=\"http:\/\/visitpoznan.info\/wp-content\/uploads\/2018\/04\/IMG_7902.jpg\" class=\"\" alt=\"\" \/>    \t    <p class=\"scapt\">Poznan<\/p>\n\t    <\/div>\n<\/div><\/div><\/div><\/div><\/section><\/p>","protected":false},"excerpt":{"rendered":"","protected":false},"author":1,"featured_media":0,"parent":263,"menu_order":0,"comment_status":"closed","ping_status":"closed","template":"page-templates\/mainetemplate.php","meta":{"ngg_post_thumbnail":0,"footnotes":""},"class_list":["post-385","page","type-page","status-publish","hentry"],"_links":{"self":[{"href":"http:\/\/visitpoznan.info\/en\/wp-json\/wp\/v2\/pages\/385","targetHints":{"allow":["GET"]}}],"collection":[{"href":"http:\/\/visitpoznan.info\/en\/wp-json\/wp\/v2\/pages"}],"about":[{"href":"http:\/\/visitpoznan.info\/en\/wp-json\/wp\/v2\/types\/page"}],"author":[{"embeddable":true,"href":"http:\/\/visitpoznan.info\/en\/wp-json\/wp\/v2\/users\/1"}],"replies":[{"embeddable":true,"href":"http:\/\/visitpoznan.info\/en\/wp-json\/wp\/v2\/comments?post=385"}],"version-history":[{"count":8,"href":"http:\/\/visitpoznan.info\/en\/wp-json\/wp\/v2\/pages\/385\/revisions"}],"predecessor-version":[{"id":1886,"href":"http:\/\/visitpoznan.info\/en\/wp-json\/wp\/v2\/pages\/385\/revisions\/1886"}],"up":[{"embeddable":true,"href":"http:\/\/visitpoznan.info\/en\/wp-json\/wp\/v2\/pages\/263"}],"wp:attachment":[{"href":"http:\/\/visitpoznan.info\/en\/wp-json\/wp\/v2\/media?parent=385"}],"curies":[{"name":"wp","href":"https:\/\/api.w.org\/{rel}","templated":true}]}}