{"id":381,"date":"2018-03-13T13:29:36","date_gmt":"2018-03-13T12:29:36","guid":{"rendered":"http:\/\/m40.hekko24.pl\/projekty\/visitpoznan\/?page_id=381"},"modified":"2018-08-12T13:22:38","modified_gmt":"2018-08-12T11:22:38","slug":"poznan-dla-buissnesu-i-na-konferencje","status":"publish","type":"page","link":"http:\/\/visitpoznan.info\/en\/offer\/tours-walks\/poznan-try\/","title":{"rendered":"POZNA\u0143 TRY"},"content":{"rendered":"<p><section class=\"kc-elm kc-css-628358 kc_row\"><div class=\"kc-row-container  kc-container\"><div class=\"kc-wrap-columns\"><div class=\"kc-elm kc-css-724611 kc_col-sm-12 kc_column kc_col-sm-12\"><div class=\"kc-col-container\"><div class=\"kc-elm kc-css-227556 kc_text_block mytextstyle\"><\/p>\n<p><strong>Pozna\u0144 traditions (approx. 3h + time for meal)<\/strong><br \/>\n\u2022 Old Market: Renaissance City Hall, little houses, whipping post, selected tenements, Bamberg Woman\u2019s Well, City Weighing Scale, City Guard building, Dzia\u0142y\u0144ski Palace<br \/>\n\u2022 the Parish Church \u2013 a\u00a0treasure trove of baroque architecture and the former Jesuit College<br \/>\n\u2022 Croissant Museum visit \u2013 demonstration of croissant making together with tasting*<br \/>\n\u2022 Stary Marych and the Pozna\u0144 dialect<br \/>\n\u2022 Hipolit Cegielski and other progressives<br \/>\n\u2022 Dinner with a\u00a0Pozna\u0144 menu in one of the chosen restaurants \/ pierogi making workshop *<\/p>\n<p>*price does not include entrance tickets to museums or prices of meals<\/p>\n<p><strong>Pozna\u0144 beer (approx. 3h)<\/strong><br \/>\n\u2022 Stary Browar \u2013 visit to the best retail centre in the world \u2013 the most recognised retail centre in Poland<br \/>\n\u2022 Walk to the Old Market through the traditional &#8220;beer streets\" \u2013 P\u00f3\u0142wiejska and Wroc\u0142awska,<br \/>\n\u2022 Tasting of Wielkopolska beers in one of the Old City pubs*<br \/>\n\u2022 Possibility of ordering dinner at Brovaria<\/p>\n<p>*prices do not include tasting prices<\/p>\n<p>\n<\/div><div id=\"img3\" class=\"kc-elm kc-css-773257 kc_row kc_row_inner\"><div class=\"kc-elm kc-css-433458 kc_col-sm-4 kc_column_inner kc_col-sm-4\"><div class=\"kc_wrapper kc-col-inner-container\"><div class=\"kc-elm kc-css-258265 kc_shortcode kc_single_image\">\n\n        <img decoding=\"async\" src=\"http:\/\/visitpoznan.info\/wp-content\/uploads\/2018\/04\/IMG_7902.jpg\" class=\"\" alt=\"\" \/>    \t    <p class=\"scapt\">makieta Ostrowa Tumskiego<\/p>\n\t    <\/div>\n<\/div><\/div><div class=\"kc-elm kc-css-333189 kc_col-sm-4 kc_column_inner kc_col-sm-4\"><div class=\"kc_wrapper kc-col-inner-container\"><div class=\"kc-elm kc-css-569673 kc_shortcode kc_single_image\">\n\n        <img decoding=\"async\" src=\"http:\/\/visitpoznan.info\/wp-content\/uploads\/2018\/04\/IMG_9895.jpg\" class=\"\" alt=\"\" \/>    \t    <p class=\"scapt\">Ratusz i s\u0142ynne domki budnicze<\/p>\n\t    <\/div>\n<\/div><\/div><div class=\"kc-elm kc-css-322372 kc_col-sm-4 kc_column_inner kc_col-sm-4\"><div class=\"kc_wrapper kc-col-inner-container\"><div class=\"kc-elm kc-css-62753 kc_shortcode kc_single_image\">\n\n        <img decoding=\"async\" src=\"http:\/\/visitpoznan.info\/wp-content\/uploads\/2018\/05\/nowe-090.jpg\" class=\"\" alt=\"\" \/>    \t    <p class=\"scapt\">ko\u015bci\u00f3\u0142 farny<\/p>\n\t    <\/div>\n<\/div><\/div><\/div><\/div><\/div><\/div><\/div><\/section><\/p>","protected":false},"excerpt":{"rendered":"","protected":false},"author":1,"featured_media":0,"parent":263,"menu_order":0,"comment_status":"closed","ping_status":"closed","template":"page-templates\/mainetemplate.php","meta":{"ngg_post_thumbnail":0,"footnotes":""},"class_list":["post-381","page","type-page","status-publish","hentry"],"_links":{"self":[{"href":"http:\/\/visitpoznan.info\/en\/wp-json\/wp\/v2\/pages\/381","targetHints":{"allow":["GET"]}}],"collection":[{"href":"http:\/\/visitpoznan.info\/en\/wp-json\/wp\/v2\/pages"}],"about":[{"href":"http:\/\/visitpoznan.info\/en\/wp-json\/wp\/v2\/types\/page"}],"author":[{"embeddable":true,"href":"http:\/\/visitpoznan.info\/en\/wp-json\/wp\/v2\/users\/1"}],"replies":[{"embeddable":true,"href":"http:\/\/visitpoznan.info\/en\/wp-json\/wp\/v2\/comments?post=381"}],"version-history":[{"count":8,"href":"http:\/\/visitpoznan.info\/en\/wp-json\/wp\/v2\/pages\/381\/revisions"}],"predecessor-version":[{"id":1750,"href":"http:\/\/visitpoznan.info\/en\/wp-json\/wp\/v2\/pages\/381\/revisions\/1750"}],"up":[{"embeddable":true,"href":"http:\/\/visitpoznan.info\/en\/wp-json\/wp\/v2\/pages\/263"}],"wp:attachment":[{"href":"http:\/\/visitpoznan.info\/en\/wp-json\/wp\/v2\/media?parent=381"}],"curies":[{"name":"wp","href":"https:\/\/api.w.org\/{rel}","templated":true}]}}