{"id":378,"date":"2018-03-13T13:26:48","date_gmt":"2018-03-13T12:26:48","guid":{"rendered":"http:\/\/m40.hekko24.pl\/projekty\/visitpoznan\/?page_id=378"},"modified":"2018-07-09T13:55:14","modified_gmt":"2018-07-09T11:55:14","slug":"poznan-dla-kazdego","status":"publish","type":"page","link":"http:\/\/visitpoznan.info\/en\/offer\/tours-walks\/poznan-for-everyone\/","title":{"rendered":"POZNA\u0143 FOR EVERYONE"},"content":{"rendered":"<p><section class=\"kc-elm kc-css-837216 kc_row\"><div class=\"kc-row-container  kc-container\"><div class=\"kc-wrap-columns\"><div class=\"kc-elm kc-css-514781 kc_col-sm-12 kc_column kc_col-sm-12\"><div class=\"kc-col-container\"><div class=\"kc-elm kc-css-194770 kc_text_block mytextstyle\"><\/p>\n<p><strong>Poznan for everyone \/ Pozna\u0144 from A&nbsp;to Z&nbsp;(4-6h)<\/strong><br \/>\n\u2022 Cathedral together with the X century crypt, graves of the First Piasts and Golden Chapel<br \/>\n\u2022 Old Market: Renaissance City Hall, little houses, the whipping post, selected tenements, Bamberg Woman\u2019s Well, the City Weighing Scale, the City Guard building, the Dzia\u0142y\u0144ski Palace<br \/>\n\u2022 the Parish Church &#8211; a&nbsp;treasure trove of baroque architecture and the former Jesuit College<br \/>\n\u2022 Przemysl Hill with the Royal Castle<br \/>\n\u2022 Freedom Square, Bazar, the Raczy\u0144ski Library, the National Museum<br \/>\n\u2022 the former German Theatre, the Polish Theatre and Okr\u0105glak<br \/>\n\u2022 the former Imperial Quarter with the Imperial Palace, Opera, the Adam Mickiewicz University and Mickiewicz Square<br \/>\n\u2022 Old Brewery &#8211; Stary Browar, recognised as the best retail centre in the world<\/p>\n<p><strong>Pozna\u0144 in instalments (2-3h)<\/strong><br \/>\n\u2022 Old Market: Renaissance City Hall, little houses, the whipping post, selected tenements, Bamberg Woman\u2019s Well Well, City Weighing Scale, City Guard building, the Dzia\u0142y\u0144ski Palace<br \/>\n\u2022 the Parish Church \u2013 a treasure trove of baroque architecture and the former Jesuit College<br \/>\n\u2022 Przemysl Hill with the Royal Castle<br \/>\n\u2022 Freedom Square, Bazar, the Raczy\u0144ski Library, the National Museum<br \/>\n\u2022 the former German Theatre and the Polish Theatre<br \/>\n\u2022 the former Imperial Quarter with the Imperial Palace, Opera House, the Adam Mickiewicz University and Mickiewicz Square<\/p>\n<p><strong>Pearls of Poznan (2-3h)<\/strong><br \/>\n\u2022 Cathedral together with the X century crypt, graves of the First Piasts and Golden Chapel<br \/>\n\u2022 Old Market: Renaissance City Hall, little houses, whipping post, selected tenements, Bamberg Woman\u2019s Well, City Weighing Scale, City Guard building, Dzia\u0142y\u0144ski Palace<br \/>\n\u2022 the Parish Church \u2013a treasure trove of baroque architecture and the former Jesuit College<\/p>\n<p>\n<\/div><div id=\"img3\" class=\"kc-elm kc-css-222250 kc_row kc_row_inner\"><div class=\"kc-elm kc-css-843610 kc_col-sm-4 kc_column_inner kc_col-sm-4\"><div class=\"kc_wrapper kc-col-inner-container\"><div class=\"kc-elm kc-css-24711 kc_shortcode kc_single_image\">\n\n        <img decoding=\"async\" src=\"http:\/\/visitpoznan.info\/wp-content\/uploads\/2018\/04\/IMG_7902.jpg\" class=\"\" alt=\"\" \/>    \t    <p class=\"scapt\">makieta Ostrowa Tumskiego<\/p>\n\t    <\/div>\n<\/div><\/div><div class=\"kc-elm kc-css-528773 kc_col-sm-4 kc_column_inner kc_col-sm-4\"><div class=\"kc_wrapper kc-col-inner-container\"><div class=\"kc-elm kc-css-327577 kc_shortcode kc_single_image\">\n\n        <img decoding=\"async\" src=\"http:\/\/visitpoznan.info\/wp-content\/uploads\/2018\/04\/IMG_9895.jpg\" class=\"\" alt=\"\" \/>    \t    <p class=\"scapt\">Ratusz i s\u0142ynne domki budnicze<\/p>\n\t    <\/div>\n<\/div><\/div><div class=\"kc-elm kc-css-287680 kc_col-sm-4 kc_column_inner kc_col-sm-4\"><div class=\"kc_wrapper kc-col-inner-container\"><div class=\"kc-elm kc-css-559988 kc_shortcode kc_single_image\">\n\n        <img decoding=\"async\" src=\"http:\/\/visitpoznan.info\/wp-content\/uploads\/2018\/05\/nowe-090.jpg\" class=\"\" alt=\"\" \/>    \t    <p class=\"scapt\">ko\u015bci\u00f3\u0142 farny<\/p>\n\t    <\/div>\n<\/div><\/div><\/div><\/div><\/div><\/div><\/div><\/section><\/p>","protected":false},"excerpt":{"rendered":"","protected":false},"author":1,"featured_media":0,"parent":263,"menu_order":0,"comment_status":"closed","ping_status":"closed","template":"page-templates\/mainetemplate.php","meta":{"ngg_post_thumbnail":0,"footnotes":""},"class_list":["post-378","page","type-page","status-publish","hentry"],"_links":{"self":[{"href":"http:\/\/visitpoznan.info\/en\/wp-json\/wp\/v2\/pages\/378","targetHints":{"allow":["GET"]}}],"collection":[{"href":"http:\/\/visitpoznan.info\/en\/wp-json\/wp\/v2\/pages"}],"about":[{"href":"http:\/\/visitpoznan.info\/en\/wp-json\/wp\/v2\/types\/page"}],"author":[{"embeddable":true,"href":"http:\/\/visitpoznan.info\/en\/wp-json\/wp\/v2\/users\/1"}],"replies":[{"embeddable":true,"href":"http:\/\/visitpoznan.info\/en\/wp-json\/wp\/v2\/comments?post=378"}],"version-history":[{"count":3,"href":"http:\/\/visitpoznan.info\/en\/wp-json\/wp\/v2\/pages\/378\/revisions"}],"predecessor-version":[{"id":1716,"href":"http:\/\/visitpoznan.info\/en\/wp-json\/wp\/v2\/pages\/378\/revisions\/1716"}],"up":[{"embeddable":true,"href":"http:\/\/visitpoznan.info\/en\/wp-json\/wp\/v2\/pages\/263"}],"wp:attachment":[{"href":"http:\/\/visitpoznan.info\/en\/wp-json\/wp\/v2\/media?parent=378"}],"curies":[{"name":"wp","href":"https:\/\/api.w.org\/{rel}","templated":true}]}}