{"id":278,"date":"2018-03-09T11:55:26","date_gmt":"2018-03-09T10:55:26","guid":{"rendered":"http:\/\/m40.hekko24.pl\/projekty\/visitpoznan\/?page_id=278"},"modified":"2025-03-19T22:17:01","modified_gmt":"2025-03-19T21:17:01","slug":"cennik","status":"publish","type":"page","link":"http:\/\/visitpoznan.info\/en\/offer\/price-list\/","title":{"rendered":"CENNIK"},"content":{"rendered":"<section class=\"kc-elm kc-css-896188 kc_row\"><div class=\"kc-row-container  kc-container\"><div class=\"kc-wrap-columns\"><div class=\"kc-elm kc-css-491714 kc_col-sm-12 kc_column kc_col-sm-12\"><div class=\"kc-col-container\"><div class=\"kc-elm kc-css-447806 kc_text_block mytextstyle\"><\/p>\n<table style=\"height: 245px;\" width=\"346\">\n<tbody>\n<tr>\n<td style=\"text-align: center; width: 150px;\"><strong>Ilo\u015b\u0107 godzin<\/strong>&nbsp;<\/td>\n<td style=\"text-align: center;\"><strong>J\u0119zyk polski<\/strong><\/td>\n<td style=\"text-align: center;\"><strong>J\u0119zyki obce<\/strong><\/td>\n<\/tr>\n<tr>\n<td style=\"text-align: left;\"><strong>2<\/strong><\/td>\n<td style=\"text-align: right;\"><strong>350 z\u0142<\/strong><\/td>\n<td style=\"text-align: right;\"><strong>450 z\u0142<\/strong><\/td>\n<\/tr>\n<tr>\n<td style=\"text-align: left;\"><strong>3<\/strong><\/td>\n<td style=\"text-align: right;\"><strong>450 z\u0142<\/strong><\/td>\n<td style=\"text-align: right;\"><strong>550 z\u0142<\/strong><\/td>\n<\/tr>\n<tr>\n<td style=\"text-align: left;\"><strong>4<\/strong><\/td>\n<td style=\"text-align: right;\"><strong>550 z\u0142<\/strong><\/td>\n<td style=\"text-align: right;\"><strong>650 z\u0142<\/strong><\/td>\n<\/tr>\n<tr>\n<td style=\"text-align: left;\"><strong>Nast\u0119pna godzina<\/strong><\/td>\n<td style=\"text-align: right;\"><strong>80 z\u0142<\/strong><\/td>\n<td style=\"text-align: right;\"><strong>100 z\u0142<\/strong><\/td>\n<\/tr>\n<tr>\n<td style=\"text-align: left;\"><strong>Dojazd **<\/strong><\/td>\n<td style=\"text-align: right;\" colspan=\"2\"><strong>25 z\u0142 + koszty biletu<\/strong><\/td>\n<\/tr>\n<\/tbody>\n<\/table>\n<p>\n<\/div><div class=\"kc-elm kc-css-489927 kc_text_block mytextstyle\"><\/p>\n<p style=\"text-align: justify;\">*Oprowadzamy w\u00a0j\u0119zykach:\u00a0<strong>angielskim, niemieckim, hiszpa\u0144skim, francuskim, w\u0142oskim,\u00a0rosyjskim i ukrai\u0144skim<\/strong>. J\u0119zyki obce pozastandardowe:\u00a0<strong>chi\u0144ski, fi\u0144ski, japo\u0144ski i turecki<\/strong>\u00a0obs\u0142ugujemy w\u00a0zale\u017cno\u015bci od dost\u0119pno\u015bci przewodnika. Cena us\u0142ugi w\u00a0j\u0119zyku pozastandardowym mo\u017ce by\u0107 o\u00a020% wy\u017csza od ceny us\u0142ugi w\u00a0j\u0119zyku obcym.<\/p>\n<p style=\"text-align: justify;\">**\u00a0Op\u0142ata jedynie w\u00a0przypadku je\u015bli przewodnik rozpoczyna lub ko\u0144czy prac\u0119 poza Poznaniem.<\/p>\n<p style=\"text-align: justify;\">***Za dodatkow\u0105 op\u0142at\u0105 oferujemy r\u00f3wnie\u017c: wynajem autokar\u00f3w i\u00a0bus\u00f3w, przewodnik\u00f3w z\u00a0samochodem, systemu tour audio guide, rezerwacje nocleg\u00f3w, posi\u0142k\u00f3w i\u00a0bilet\u00f3w wst\u0119pu dla naszych go\u015bci. Cena ustalana jest indywidualnie w\u00a0zale\u017cno\u015bci od potrzeb oraz\u00a0dost\u0119pno\u015bci us\u0142ugi.<\/p>\n<p style=\"text-align: justify;\"><strong>Regulamin wynajmu us\u0142ug przewodnickich:<\/strong><\/p>\n<ul>\n<li style=\"text-align: justify;\">Podane ceny nie obejmuj\u0105 bilet\u00f3w wst\u0119pu do\u00a0zwiedzanych obiekt\u00f3w.<\/li>\n<li style=\"text-align: justify;\">W przypadku, gdy zwiedzanie ko\u0144czy si\u0119 po godzinie 22:00 lub rozpoczyna si\u0119 przed 7:00 oraz\u00a0w\u00a0poni\u017cej wymienione \u015bwi\u0119ta ceny zwi\u0119kszone s\u0105 o\u00a020% w\u00a0stosunku do\u00a0powy\u017cszego cennika:\n<ul style=\"list-style-type: none;\">\n<li style=\"text-align: justify;\">Nowy Rok, 1.01;<br \/>Wielki Pi\u0105tek, Wielka Sobota oraz\u00a0oba dni Wielkanocy;<br \/>Wszystkich \u015awi\u0119tych, 1.11;<br \/>Bo\u017ce Narodzenie, 24-26.12;<br \/>Sylwester, 31.12.<\/li>\n<\/ul>\n<\/li>\n<li style=\"text-align: justify;\">W przypadku niestawienia si\u0119 grupy lub odwo\u0142ania wycieczki przez zamawiaj\u0105cego na\u00a0mniej ni\u017c 24h przed um\u00f3wionym zwiedzaniem, zamawiaj\u0105cy pokrywa koszty jak za dwie godziny oczekiwania przewodnika.<\/li>\n<\/ul>\n<p>\n<\/div><\/div><\/div><\/div><\/div><\/section>\n","protected":false},"excerpt":{"rendered":"","protected":false},"author":1,"featured_media":0,"parent":23,"menu_order":0,"comment_status":"closed","ping_status":"closed","template":"page-templates\/mainetemplate.php","meta":{"ngg_post_thumbnail":0,"footnotes":""},"class_list":["post-278","page","type-page","status-publish","hentry"],"_links":{"self":[{"href":"http:\/\/visitpoznan.info\/en\/wp-json\/wp\/v2\/pages\/278","targetHints":{"allow":["GET"]}}],"collection":[{"href":"http:\/\/visitpoznan.info\/en\/wp-json\/wp\/v2\/pages"}],"about":[{"href":"http:\/\/visitpoznan.info\/en\/wp-json\/wp\/v2\/types\/page"}],"author":[{"embeddable":true,"href":"http:\/\/visitpoznan.info\/en\/wp-json\/wp\/v2\/users\/1"}],"replies":[{"embeddable":true,"href":"http:\/\/visitpoznan.info\/en\/wp-json\/wp\/v2\/comments?post=278"}],"version-history":[{"count":19,"href":"http:\/\/visitpoznan.info\/en\/wp-json\/wp\/v2\/pages\/278\/revisions"}],"predecessor-version":[{"id":2259,"href":"http:\/\/visitpoznan.info\/en\/wp-json\/wp\/v2\/pages\/278\/revisions\/2259"}],"up":[{"embeddable":true,"href":"http:\/\/visitpoznan.info\/en\/wp-json\/wp\/v2\/pages\/23"}],"wp:attachment":[{"href":"http:\/\/visitpoznan.info\/en\/wp-json\/wp\/v2\/media?parent=278"}],"curies":[{"name":"wp","href":"https:\/\/api.w.org\/{rel}","templated":true}]}}