{"id":250,"date":"2018-03-09T10:53:33","date_gmt":"2018-03-09T09:53:33","guid":{"rendered":"http:\/\/m40.hekko24.pl\/projekty\/visitpoznan\/?page_id=250"},"modified":"2018-07-03T15:31:10","modified_gmt":"2018-07-03T13:31:10","slug":"tv-historie-z-poznania-wziete","status":"publish","type":"page","link":"http:\/\/visitpoznan.info\/en\/poznan\/polski-tv-historie-z-poznania-wziete\/","title":{"rendered":"TV: HISTORIE Z POZNANIA WZI\u0118TE"},"content":{"rendered":"<p><section class=\"kc-elm kc-css-164176 kc_row\"><div class=\"kc-row-container  kc-container\"><div class=\"kc-wrap-columns\"><div class=\"kc-elm kc-css-817807 kc_col-sm-12 kc_column kc_col-sm-12\"><div class=\"kc-col-container\"><div class=\"kc-elm kc-css-258625 kc_text_block mytextstyle\"><\/p>\n<p style=\"text-align: justify;\"><span style=\"font-style: inherit;\"><a href=\"https:\/\/www.przewodnikpoznan.pl\" target=\"_blank\" rel=\"noopener\">Przewodnik po Poznaniu Marcin Fabiszak<\/a> oraz <a href=\"http:\/\/guiapoznan.pl\/o-mnie\/\" target=\"_blank\" rel=\"noopener\">Paulina Ratkowska<\/a> z <\/span><strong style=\"font-style: inherit;\">Fundacji VisitPozna\u0144<\/strong><span style=\"font-style: inherit;\">&nbsp;w<\/span><span style=\"font-style: inherit;\">&nbsp;2015 roku we wsp\u00f3\u0142pracy telewizj\u0105&nbsp;<\/span><span style=\"font-style: inherit; font-weight: 600;\">WTvK<\/span><span style=\"font-style: inherit;\">, stworzyli 15-odcinkowy cykl program\u00f3w <\/span><strong style=\"font-style: inherit;\">Historie z&nbsp;Poznania wzi\u0119te!<\/strong><\/p>\n<p style=\"text-align: justify;\">Magazyn by\u0142 opowie\u015bci\u0105 o&nbsp;pozna\u0144skiej historii, ulicach i&nbsp;ich mieszka\u0144cach. Starali\u015bmy si\u0119 pokaza\u0107 zabytki, lokalne tradycje oraz&nbsp;legendy zbaczaj\u0105c niekiedy z&nbsp;popularnych szlak\u00f3w turystycznych, aby przypomnie\u0107 miejsca ciekawe, cho\u0107 nieoczywiste lub takie, kt\u00f3re historia odmieni\u0142a ju\u017c na&nbsp;zawsze.<\/p>\n<p style=\"text-align: justify;\">Zapraszamy!<\/p>\n<p>\n<\/div><\/div><\/div><\/div><\/div><\/section><section class=\"kc-elm kc-css-954102 kc_row\"><div class=\"kc-row-container  kc-container\"><div class=\"kc-wrap-columns\"><div class=\"kc-elm kc-css-569329 kc_col-sm-12 kc_column kc_col-sm-12\"><div class=\"kc-col-container\"><div class=\"kc-elm kc-css-103530 kc_text_block\"><\/p>\n<div id=\"wondercarousellightbox_options\" data-skinsfoldername=\"\"  data-jsfolder=\"http:\/\/visitpoznan.info\/wp-content\/plugins\/wonderplugin-carousel\/engine\/\" style=\"display:none;\"><\/div>\n<style type=\"text\/css\">@import url(https:\/\/fonts.googleapis.com\/css?family=Open+Sans);  #wonderplugincarousel-2 .amazingcarousel-image {\t \tposition: relative; \tpadding: 0px; \t-moz-border-radius: 4px; \t-webkit-border-radius: 4px; \tborder-radius: 4px; }  #wonderplugincarousel-2 .amazingcarousel-image img { \tdisplay: block; \twidth: 100%; \tmax-width: 100%; \tborder: 0; \tmargin: 0; \tpadding: 0; \t-moz-box-shadow:  0 1px 4px rgba(0, 0, 0, 0.2); \t-webkit-box-shadow: 0 1px 4px rgba(0, 0, 0, 0.2); \tbox-shadow: 0 1px 4px rgba(0, 0, 0, 0.2); }  #wonderplugincarousel-2 .amazingcarousel-title { \tposition:relative; \tfont:14px \"Open Sans\", sans-serif; \tcolor:#333333; \tmargin:6px; \ttext-align:center; }  #wonderplugincarousel-2 .amazingcarousel-list-container {  \tpadding: 16px 0; }  #wonderplugincarousel-2 .amazingcarousel-item-container { \ttext-align: center; \tpadding: 4px; }  #wonderplugincarousel-2 .amazingcarousel-prev { \tleft: 0%; \ttop: 45%; \tmargin-left: -48px; \tmargin-top: -16px; }  #wonderplugincarousel-2 .amazingcarousel-next { \tright: 0%; \ttop: 45%; \tmargin-right: -48px; \tmargin-top: -16px; }  #wonderplugincarousel-2 .amazingcarousel-nav { \tposition: absolute; \twidth: 100%; \ttop: 100%; }  #wonderplugincarousel-2 .amazingcarousel-bullet-wrapper { \tmargin: 4px auto; }<\/style>\n<div class=\"wonderplugincarousel-container\" id=\"wonderplugincarousel-container-2\">\n<div class=\"wonderplugincarousel\" id=\"wonderplugincarousel-2\" data-carouselid=\"2\" data-width=\"730\" data-height=\"450\" data-skin=\"simplicity\" data-fixaspectratio=\"true\" data-autoplay=\"true\" data-random=\"false\" data-circular=\"true\" data-pauseonmouseover=\"true\" data-continuous=\"false\" data-responsive=\"true\" data-showhoveroverlay=\"false\" data-showhoveroverlayalways=\"false\" data-hidehoveroverlayontouch=\"false\" data-lightboxresponsive=\"true\" data-lightboxshownavigation=\"false\" data-lightboxnogroup=\"false\" data-lightboxshowtitle=\"true\" data-lightboxshowdescription=\"false\" data-usescreenquery=\"false\" data-donotinit=\"false\" data-addinitscript=\"false\" data-lightboxfullscreenmode=\"false\" data-lightboxcloseonoverlay=\"true\" data-lightboxvideohidecontrols=\"false\" data-lightboxautoslide=\"false\" data-lightboxshowtimer=\"true\" data-lightboxshowplaybutton=\"true\" data-lightboxalwaysshownavarrows=\"false\" data-lightboxshowtitleprefix=\"true\" data-spacing=\"4\" data-rownumber=\"1\" data-visibleitems=\"1\" data-arrowstyle=\"always\" data-arrowimage=\"arrows-32-32-0.png\" data-arrowwidth=\"32\" data-arrowheight=\"32\" data-navstyle=\"none\" data-navimage=\"bullet-16-16-0.png\" data-navwidth=\"16\" data-navheight=\"16\" data-navspacing=\"8\" data-hoveroverlayimage=\"\" data-lightboxthumbwidth=\"90\" data-lightboxthumbheight=\"60\" data-lightboxthumbtopmargin=\"12\" data-lightboxthumbbottommargin=\"4\" data-lightboxbarheight=\"64\" data-lightboxtitlebottomcss=\"{color:#333; font-size:14px; font-family:Armata,sans-serif,Arial; overflow:hidden; text-align:left;}\" data-lightboxdescriptionbottomcss=\"{color:#333; font-size:12px; font-family:Arial,Helvetica,sans-serif; overflow:hidden; text-align:left; margin:4px 0px 0px; padding: 0px;}\" data-continuousduration=\"2500\" data-scrollmode=\"page\" data-interval=\"3000\" data-transitionduration=\"1000\" data-lightboxtitlestyle=\"bottom\" data-lightboximagepercentage=\"75\" data-lightboxdefaultvideovolume=\"1\" data-lightboxoverlaybgcolor=\"#000\" data-lightboxoverlayopacity=\"0.9\" data-lightboxbgcolor=\"#fff\" data-lightboxtitleprefix=\"%NUM \/ %TOTAL\" data-lightboxtitleinsidecss=\"color:#fff; font-size:16px; font-family:Arial,Helvetica,sans-serif; overflow:hidden; text-align:left;\" data-lightboxdescriptioninsidecss=\"color:#fff; font-size:12px; font-family:Arial,Helvetica,sans-serif; overflow:hidden; text-align:left; margin:4px 0px 0px; padding: 0px;\" data-lightboxslideinterval=\"5000\" data-lightboxtimerposition=\"bottom\" data-lightboxtimercolor=\"#dc572e\" data-lightboxtimeropacity=\"1\" data-lightboxbordersize=\"8\" data-lightboxborderradius=\"0\" data-screenquery='{ \"tablet\": { \"screenwidth\": 900, \"visibleitems\": 2 }, \"mobile\": { \"screenwidth\": 600, \"visibleitems\": 1 } }' data-jsfolder=\"http:\/\/visitpoznan.info\/wp-content\/plugins\/wonderplugin-carousel\/engine\/\" style=\"display:none;position:relative;margin:0 auto;width:100%;max-width:730px;\" >\n<div class=\"amazingcarousel-list-container\" style=\"overflow:hidden;\">\n<ul class=\"amazingcarousel-list\">\n<li class=\"amazingcarousel-item\">\n<div class=\"amazingcarousel-item-container\">\n<div class=\"amazingcarousel-image\"><a href=\"http:\/\/www.youtube.com\/embed\/TDezbaMl1Ew?feature=youtu.be[\/embed]\" title=\"Ulica Wroc\u0142awska\" data-thumbnail=\"http:\/\/visitpoznan.info\/wp-content\/uploads\/2018\/03\/wroclawska-1-300x147.png\" class=\"wondercarousellightbox wondercarousellightbox-2\" data-group=\"wondercarousellightbox-2\"><img decoding=\"async\" src=\"http:\/\/visitpoznan.info\/wp-content\/uploads\/2018\/03\/wroclawska-1.png\" alt=\"Ulica Wroc\u0142awska\" data-description=\"\" \/><\/a><\/div>\n<div class=\"amazingcarousel-title\">Ulica Wroc\u0142awska<\/div>\n<\/div>\n<\/li>\n<li class=\"amazingcarousel-item\">\n<div class=\"amazingcarousel-item-container\">\n<div class=\"amazingcarousel-image\"><a href=\"http:\/\/www.youtube.com\/embed\/FkXhx2wNKak?feature=youtu.be\" title=\"\u015aredniowieczne mury miejskie\" data-thumbnail=\"http:\/\/visitpoznan.info\/wp-content\/uploads\/2018\/03\/sredniowieczne_mury-300x143.png\" class=\"wondercarousellightbox wondercarousellightbox-2\" data-group=\"wondercarousellightbox-2\"><img decoding=\"async\" src=\"http:\/\/visitpoznan.info\/wp-content\/uploads\/2018\/03\/sredniowieczne_mury.png\" alt=\"\u015aredniowieczne mury miejskie\" data-description=\"\" \/><\/a><\/div>\n<div class=\"amazingcarousel-title\">\u015aredniowieczne mury miejskie<\/div>\n<\/div>\n<\/li>\n<li class=\"amazingcarousel-item\">\n<div class=\"amazingcarousel-item-container\">\n<div class=\"amazingcarousel-image\"><a href=\"http:\/\/www.youtube.com\/embed\/Gj97gDonC1Y?feature=youtu.be\" title=\"Piotr i Pawe\u0142 - patroni Poznania\" data-thumbnail=\"http:\/\/visitpoznan.info\/wp-content\/uploads\/2018\/03\/piotripawel-300x147.png\" class=\"wondercarousellightbox wondercarousellightbox-2\" data-group=\"wondercarousellightbox-2\"><img decoding=\"async\" src=\"http:\/\/visitpoznan.info\/wp-content\/uploads\/2018\/03\/piotripawel.png\" alt=\"Piotr i Pawe\u0142 - patroni Poznania\" data-description=\"\" \/><\/a><\/div>\n<div class=\"amazingcarousel-title\">Piotr i Pawe\u0142 - patroni Poznania<\/div>\n<\/div>\n<\/li>\n<li class=\"amazingcarousel-item\">\n<div class=\"amazingcarousel-item-container\">\n<div class=\"amazingcarousel-image\"><a href=\"http:\/\/www.youtube.com\/embed\/OI6EvWwAn4M?feature=youtu.be\" title=\"Legendy o pozna\u0144skich duchach (odc. 1)\" data-thumbnail=\"http:\/\/visitpoznan.info\/wp-content\/uploads\/2018\/03\/legendyoduchach1-300x142.png\" class=\"wondercarousellightbox wondercarousellightbox-2\" data-group=\"wondercarousellightbox-2\"><img decoding=\"async\" src=\"http:\/\/visitpoznan.info\/wp-content\/uploads\/2018\/03\/legendyoduchach1.png\" alt=\"Legendy o pozna\u0144skich duchach (odc. 1)\" data-description=\"\" \/><\/a><\/div>\n<div class=\"amazingcarousel-title\">Legendy o pozna\u0144skich duchach (odc. 1)<\/div>\n<\/div>\n<\/li>\n<li class=\"amazingcarousel-item\">\n<div class=\"amazingcarousel-item-container\">\n<div class=\"amazingcarousel-image\"><a href=\"http:\/\/www.youtube.com\/embed\/BOFrcJ5rc8o?feature=youtu.be\" title=\"Legendy o pozna\u0144skich duchach (odc. 2)\" data-thumbnail=\"http:\/\/visitpoznan.info\/wp-content\/uploads\/2018\/03\/legendyoduchach2-300x145.png\" class=\"wondercarousellightbox wondercarousellightbox-2\" data-group=\"wondercarousellightbox-2\"><img decoding=\"async\" src=\"http:\/\/visitpoznan.info\/wp-content\/uploads\/2018\/03\/legendyoduchach2.png\" alt=\"Legendy o pozna\u0144skich duchach (odc. 2)\" data-description=\"\" \/><\/a><\/div>\n<div class=\"amazingcarousel-title\">Legendy o pozna\u0144skich duchach (odc. 2)<\/div>\n<\/div>\n<\/li>\n<li class=\"amazingcarousel-item\">\n<div class=\"amazingcarousel-item-container\">\n<div class=\"amazingcarousel-image\"><a href=\"http:\/\/www.youtube.com\/embed\/SjFwOI4Om1A\" title=\"Nad Wart\u0105\" data-thumbnail=\"http:\/\/visitpoznan.info\/wp-content\/uploads\/2018\/03\/nadwarta-300x145.png\" class=\"wondercarousellightbox wondercarousellightbox-2\" data-group=\"wondercarousellightbox-2\"><img decoding=\"async\" src=\"http:\/\/visitpoznan.info\/wp-content\/uploads\/2018\/03\/nadwarta.png\" alt=\"Nad Wart\u0105\" data-description=\"\" \/><\/a><\/div>\n<div class=\"amazingcarousel-title\">Nad Wart\u0105<\/div>\n<\/div>\n<\/li>\n<li class=\"amazingcarousel-item\">\n<div class=\"amazingcarousel-item-container\">\n<div class=\"amazingcarousel-image\"><a href=\"http:\/\/www.youtube.com\/embed\/q1YuztvT3n8\" title=\"Ogr\u00f3dki rozrywkowe\" data-thumbnail=\"http:\/\/visitpoznan.info\/wp-content\/uploads\/2018\/03\/ogrodkirozrywki-300x146.png\" class=\"wondercarousellightbox wondercarousellightbox-2\" data-group=\"wondercarousellightbox-2\"><img decoding=\"async\" src=\"http:\/\/visitpoznan.info\/wp-content\/uploads\/2018\/03\/ogrodkirozrywki.png\" alt=\"Ogr\u00f3dki rozrywkowe\" data-description=\"\" \/><\/a><\/div>\n<div class=\"amazingcarousel-title\">Ogr\u00f3dki rozrywkowe<\/div>\n<\/div>\n<\/li>\n<li class=\"amazingcarousel-item\">\n<div class=\"amazingcarousel-item-container\">\n<div class=\"amazingcarousel-image\"><a href=\"http:\/\/www.youtube.com\/embed\/E6SMPOb3Rhs\" title=\"Droga D\u0119bi\u0144ska\" data-thumbnail=\"http:\/\/visitpoznan.info\/wp-content\/uploads\/2018\/03\/drogadebinska-300x146.png\" class=\"wondercarousellightbox wondercarousellightbox-2\" data-group=\"wondercarousellightbox-2\"><img decoding=\"async\" src=\"http:\/\/visitpoznan.info\/wp-content\/uploads\/2018\/03\/drogadebinska.png\" alt=\"Droga D\u0119bi\u0144ska\" data-description=\"\" \/><\/a><\/div>\n<div class=\"amazingcarousel-title\">Droga D\u0119bi\u0144ska<\/div>\n<\/div>\n<\/li>\n<li class=\"amazingcarousel-item\">\n<div class=\"amazingcarousel-item-container\">\n<div class=\"amazingcarousel-image\"><a href=\"http:\/\/www.youtube.com\/embed\/fbqwo8zo_Lw\" title=\"Mosty dawnego Poznania (cz. 1)\" data-thumbnail=\"http:\/\/visitpoznan.info\/wp-content\/uploads\/2018\/03\/mostydawnegopoznania-300x146.png\" class=\"wondercarousellightbox wondercarousellightbox-2\" data-group=\"wondercarousellightbox-2\"><img decoding=\"async\" src=\"http:\/\/visitpoznan.info\/wp-content\/uploads\/2018\/03\/mostydawnegopoznania.png\" alt=\"Mosty dawnego Poznania (cz. 1)\" data-description=\"\" \/><\/a><\/div>\n<div class=\"amazingcarousel-title\">Mosty dawnego Poznania (cz. 1)<\/div>\n<\/div>\n<\/li>\n<li class=\"amazingcarousel-item\">\n<div class=\"amazingcarousel-item-container\">\n<div class=\"amazingcarousel-image\"><a href=\"http:\/\/www.youtube.com\/embed\/CjXzzx9vTqU\" title=\"Mosty dawnego Poznania (cz. 2)\" data-thumbnail=\"http:\/\/visitpoznan.info\/wp-content\/uploads\/2018\/03\/mostydawnegopoznania2-300x146.png\" class=\"wondercarousellightbox wondercarousellightbox-2\" data-group=\"wondercarousellightbox-2\"><img decoding=\"async\" src=\"http:\/\/visitpoznan.info\/wp-content\/uploads\/2018\/03\/mostydawnegopoznania2.png\" alt=\"Mosty dawnego Poznania (cz. 2)\" data-description=\"\" \/><\/a><\/div>\n<div class=\"amazingcarousel-title\">Mosty dawnego Poznania (cz. 2)<\/div>\n<\/div>\n<\/li>\n<li class=\"amazingcarousel-item\">\n<div class=\"amazingcarousel-item-container\">\n<div class=\"amazingcarousel-image\"><a href=\"http:\/\/www.youtube.com\/embed\/j6EBTeFUNH4\" title=\"Pocz\u0105tki akademickiego Poznania\" data-thumbnail=\"http:\/\/visitpoznan.info\/wp-content\/uploads\/2018\/03\/poczatkiakademickiegopoznania-300x154.png\" class=\"wondercarousellightbox wondercarousellightbox-2\" data-group=\"wondercarousellightbox-2\"><img decoding=\"async\" src=\"http:\/\/visitpoznan.info\/wp-content\/uploads\/2018\/03\/poczatkiakademickiegopoznania.png\" alt=\"Pocz\u0105tki akademickiego Poznania\" data-description=\"\" \/><\/a><\/div>\n<div class=\"amazingcarousel-title\">Pocz\u0105tki akademickiego Poznania<\/div>\n<\/div>\n<\/li>\n<li class=\"amazingcarousel-item\">\n<div class=\"amazingcarousel-item-container\">\n<div class=\"amazingcarousel-image\"><a href=\"http:\/\/www.youtube.com\/embed\/sHvazJFzpKU\" title=\"kolegium jezuickie\" data-thumbnail=\"http:\/\/visitpoznan.info\/wp-content\/uploads\/2018\/03\/kolegium-jezuickie-300x185.png\" class=\"wondercarousellightbox wondercarousellightbox-2\" data-group=\"wondercarousellightbox-2\"><img decoding=\"async\" src=\"http:\/\/visitpoznan.info\/wp-content\/uploads\/2018\/03\/kolegium-jezuickie.png\" alt=\"kolegium jezuickie\" data-description=\"\" \/><\/a><\/div>\n<div class=\"amazingcarousel-title\">kolegium jezuickie<\/div>\n<\/div>\n<\/li>\n<li class=\"amazingcarousel-item\">\n<div class=\"amazingcarousel-item-container\">\n<div class=\"amazingcarousel-image\"><a href=\"http:\/\/www.youtube.com\/embed\/hdjbvSXAkng\" title=\"\u015aw. Marcin\" data-thumbnail=\"http:\/\/visitpoznan.info\/wp-content\/uploads\/2018\/03\/swmarcin-300x148.png\" class=\"wondercarousellightbox wondercarousellightbox-2\" data-group=\"wondercarousellightbox-2\"><img decoding=\"async\" src=\"http:\/\/visitpoznan.info\/wp-content\/uploads\/2018\/03\/swmarcin.png\" alt=\"\u015aw. Marcin\" data-description=\"\" \/><\/a><\/div>\n<div class=\"amazingcarousel-title\">\u015aw. Marcin<\/div>\n<\/div>\n<\/li>\n<li class=\"amazingcarousel-item\">\n<div class=\"amazingcarousel-item-container\">\n<div class=\"amazingcarousel-image\"><a href=\"http:\/\/www.youtube.com\/embed\/nQZZOmlOIuI\" title=\"Jarmarki bo\u017conarodzeniowe\" data-thumbnail=\"http:\/\/visitpoznan.info\/wp-content\/uploads\/2018\/03\/jarmarkibozonarodzeniowe-300x149.png\" class=\"wondercarousellightbox wondercarousellightbox-2\" data-group=\"wondercarousellightbox-2\"><img decoding=\"async\" src=\"http:\/\/visitpoznan.info\/wp-content\/uploads\/2018\/03\/jarmarkibozonarodzeniowe.png\" alt=\"Jarmarki bo\u017conarodzeniowe\" data-description=\"\" \/><\/a><\/div>\n<div class=\"amazingcarousel-title\">Jarmarki bo\u017conarodzeniowe<\/div>\n<\/div>\n<\/li>\n<li class=\"amazingcarousel-item\">\n<div class=\"amazingcarousel-item-container\">\n<div class=\"amazingcarousel-image\"><a href=\"http:\/\/www.youtube.com\/embed\/Dz7jhpwNybA\" title=\"Mickiewicz na pomnikach\" data-thumbnail=\"http:\/\/visitpoznan.info\/wp-content\/uploads\/2018\/03\/mickiewicz-300x148.png\" class=\"wondercarousellightbox wondercarousellightbox-2\" data-group=\"wondercarousellightbox-2\"><img decoding=\"async\" src=\"http:\/\/visitpoznan.info\/wp-content\/uploads\/2018\/03\/mickiewicz.png\" alt=\"Mickiewicz na pomnikach\" data-description=\"\" \/><\/a><\/div>\n<div class=\"amazingcarousel-title\">Mickiewicz na pomnikach<\/div>\n<\/div>\n<\/li>\n<li class=\"amazingcarousel-item\">\n<div class=\"amazingcarousel-item-container\">\n<div class=\"amazingcarousel-image\"><a href=\"http:\/\/www.youtube.com\/embed\/Kj88kOc2np0\" title=\"Bale w Bazarze\" data-thumbnail=\"http:\/\/visitpoznan.info\/wp-content\/uploads\/2018\/03\/balePNG-300x171.png\" class=\"wondercarousellightbox wondercarousellightbox-2\" data-group=\"wondercarousellightbox-2\"><img decoding=\"async\" src=\"http:\/\/visitpoznan.info\/wp-content\/uploads\/2018\/03\/balePNG.png\" alt=\"Bale w Bazarze\" data-description=\"\" \/><\/a><\/div>\n<div class=\"amazingcarousel-title\">Bale w Bazarze<\/div>\n<\/div>\n<\/li>\n<\/ul>\n<div class=\"amazingcarousel-prev\"><\/div>\n<div class=\"amazingcarousel-next\"><\/div>\n<\/div>\n<div class=\"amazingcarousel-nav\"><\/div>\n<div class=\"wonderplugin-engine\"><a href=\"http:\/\/www.wonderplugin.com\/wordpress-carousel2\/\" title=\"Responsive WordPress Carousel Plugin\">Responsive WordPress Carousel Plugin<\/a><\/div>\n<\/div>\n<\/div>\n<p>\n<\/div><\/div><\/div><\/div><\/div><\/section><\/p>\n","protected":false},"excerpt":{"rendered":"","protected":false},"author":1,"featured_media":0,"parent":21,"menu_order":0,"comment_status":"closed","ping_status":"closed","template":"page-templates\/mainetemplate.php","meta":{"ngg_post_thumbnail":0,"footnotes":""},"class_list":["post-250","page","type-page","status-publish","hentry"],"_links":{"self":[{"href":"http:\/\/visitpoznan.info\/en\/wp-json\/wp\/v2\/pages\/250","targetHints":{"allow":["GET"]}}],"collection":[{"href":"http:\/\/visitpoznan.info\/en\/wp-json\/wp\/v2\/pages"}],"about":[{"href":"http:\/\/visitpoznan.info\/en\/wp-json\/wp\/v2\/types\/page"}],"author":[{"embeddable":true,"href":"http:\/\/visitpoznan.info\/en\/wp-json\/wp\/v2\/users\/1"}],"replies":[{"embeddable":true,"href":"http:\/\/visitpoznan.info\/en\/wp-json\/wp\/v2\/comments?post=250"}],"version-history":[{"count":2,"href":"http:\/\/visitpoznan.info\/en\/wp-json\/wp\/v2\/pages\/250\/revisions"}],"predecessor-version":[{"id":1699,"href":"http:\/\/visitpoznan.info\/en\/wp-json\/wp\/v2\/pages\/250\/revisions\/1699"}],"up":[{"embeddable":true,"href":"http:\/\/visitpoznan.info\/en\/wp-json\/wp\/v2\/pages\/21"}],"wp:attachment":[{"href":"http:\/\/visitpoznan.info\/en\/wp-json\/wp\/v2\/media?parent=250"}],"curies":[{"name":"wp","href":"https:\/\/api.w.org\/{rel}","templated":true}]}}