{"id":21,"date":"2018-02-28T09:58:56","date_gmt":"2018-02-28T08:58:56","guid":{"rendered":"http:\/\/m40.hekko24.pl\/projekty\/visitpoznan\/?page_id=21"},"modified":"2018-07-03T15:29:30","modified_gmt":"2018-07-03T13:29:30","slug":"poznan","status":"publish","type":"page","link":"http:\/\/visitpoznan.info\/en\/poznan\/","title":{"rendered":"POZNA\u0143"},"content":{"rendered":"<p><section class=\"kc-elm kc-css-158133 kc_row\"><div class=\"kc-row-container  kc-container\"><div class=\"kc-wrap-columns\"><div class=\"kc-elm kc-css-597419 kc_col-sm-12 kc_column kc_col-sm-12\"><div class=\"kc-col-container\"><div class=\"kc-elm kc-css-864309 kc_text_block mytextstyle\"><\/p>\n<p>Pozna\u0144 is one of the oldest, greatest and most dynamic cities in Poland. Numerous historic buildings and tourist attractions illustrate the wealth of the thousand year tradition of the city. Due to historical evidence it is known that the fortified settlement of Pozna\u0144 was one of the greatest and most important centres of government, commercial and religious activity during the beginning of the Polish state. Here on the island in the River Warta, Prince Mieszko I built his palace and the fortified settlement with the first cathedral in Poland, where he was buried, as were his son and another six of the first rulers of Poland. Even though Pozna\u0144 lost its political dominance, it has always been an important commercial and cultural centre.<\/p>\n<p>Today Pozna\u0144 is the fifth largest city in Poland with a population of half a million and simultaneously is the centre of a conurbation of over a million inhabitants. In addition to the permanent residents, 130,000 students study in Pozna\u0144. They come to Pozna\u0144 not only from all over Poland, but also from abroad. They choose Pozna\u0144 because of its prestigious universities and also because of the ease of finding well paid work in Pozna\u0144. While thinking about statistics \u2013 for decades Pozna\u0144 has taken pride in having the lowest unemployment in Poland, with the average salary being higher than the national average and also its image of a commercial and business centre. Besides the nationally famous Pozna\u0144 International Fairs, central and head offices of many firms and factories with international capital are located in Pozna\u0144, including Glaxo Smith Kline, Volkswagen and Bridgestone and also Polish names such as Allegro, Apart or Lech.<\/p>\n<p>If you wish to find out more about the city&#8217;s past look at the history folder to discover the Pozna\u0144 of the XXI century it is essential to read Pozna\u0144 today, and if you have recently come to Pozna\u0144 look at: Poznanian historic buildings and sites and also practical information!<\/p>\n<p>\n<\/div><\/div><\/div><\/div><\/div><\/section><\/p>","protected":false},"excerpt":{"rendered":"","protected":false},"author":1,"featured_media":0,"parent":0,"menu_order":0,"comment_status":"closed","ping_status":"closed","template":"page-templates\/mainetemplate.php","meta":{"ngg_post_thumbnail":0,"footnotes":""},"class_list":["post-21","page","type-page","status-publish","hentry"],"_links":{"self":[{"href":"http:\/\/visitpoznan.info\/en\/wp-json\/wp\/v2\/pages\/21","targetHints":{"allow":["GET"]}}],"collection":[{"href":"http:\/\/visitpoznan.info\/en\/wp-json\/wp\/v2\/pages"}],"about":[{"href":"http:\/\/visitpoznan.info\/en\/wp-json\/wp\/v2\/types\/page"}],"author":[{"embeddable":true,"href":"http:\/\/visitpoznan.info\/en\/wp-json\/wp\/v2\/users\/1"}],"replies":[{"embeddable":true,"href":"http:\/\/visitpoznan.info\/en\/wp-json\/wp\/v2\/comments?post=21"}],"version-history":[{"count":1,"href":"http:\/\/visitpoznan.info\/en\/wp-json\/wp\/v2\/pages\/21\/revisions"}],"predecessor-version":[{"id":1698,"href":"http:\/\/visitpoznan.info\/en\/wp-json\/wp\/v2\/pages\/21\/revisions\/1698"}],"wp:attachment":[{"href":"http:\/\/visitpoznan.info\/en\/wp-json\/wp\/v2\/media?parent=21"}],"curies":[{"name":"wp","href":"https:\/\/api.w.org\/{rel}","templated":true}]}}