{"id":1011,"date":"2018-04-12T11:07:41","date_gmt":"2018-04-12T09:07:41","guid":{"rendered":"http:\/\/m40.hekko24.pl\/projekty\/visitpoznan\/?page_id=1011"},"modified":"2018-04-12T11:07:41","modified_gmt":"2018-04-12T09:07:41","slug":"pelna-lista-poznanskich-klasztorow","status":"publish","type":"page","link":"http:\/\/visitpoznan.info\/en\/offer\/tours-walks\/poznan-for-pilgrims\/pl-pelna-lista-poznanskich-klasztorow\/","title":{"rendered":"Pe\u0142na lista pozna\u0144skich klasztor\u00f3w"},"content":{"rendered":"<p class=\"qtranxs-available-languages-message qtranxs-available-languages-message-en\">Sorry, this entry is only available in <a href=\"http:\/\/visitpoznan.info\/pl\/wp-json\/wp\/v2\/pages\/1011\" class=\"qtranxs-available-language-link qtranxs-available-language-link-pl\" title=\"PL\">PL<\/a>.<\/p>","protected":false},"excerpt":{"rendered":"","protected":false},"author":1,"featured_media":0,"parent":385,"menu_order":0,"comment_status":"closed","ping_status":"closed","template":"page-templates\/mainetemplate.php","meta":{"ngg_post_thumbnail":0,"footnotes":""},"class_list":["post-1011","page","type-page","status-publish","hentry"],"_links":{"self":[{"href":"http:\/\/visitpoznan.info\/en\/wp-json\/wp\/v2\/pages\/1011","targetHints":{"allow":["GET"]}}],"collection":[{"href":"http:\/\/visitpoznan.info\/en\/wp-json\/wp\/v2\/pages"}],"about":[{"href":"http:\/\/visitpoznan.info\/en\/wp-json\/wp\/v2\/types\/page"}],"author":[{"embeddable":true,"href":"http:\/\/visitpoznan.info\/en\/wp-json\/wp\/v2\/users\/1"}],"replies":[{"embeddable":true,"href":"http:\/\/visitpoznan.info\/en\/wp-json\/wp\/v2\/comments?post=1011"}],"version-history":[{"count":0,"href":"http:\/\/visitpoznan.info\/en\/wp-json\/wp\/v2\/pages\/1011\/revisions"}],"up":[{"embeddable":true,"href":"http:\/\/visitpoznan.info\/en\/wp-json\/wp\/v2\/pages\/385"}],"wp:attachment":[{"href":"http:\/\/visitpoznan.info\/en\/wp-json\/wp\/v2\/media?parent=1011"}],"curies":[{"name":"wp","href":"https:\/\/api.w.org\/{rel}","templated":true}]}}